{"id":10096,"date":"2026-04-22T09:09:47","date_gmt":"2026-04-22T07:09:47","guid":{"rendered":"https:\/\/eshop.elastolith.sk\/?page_id=10096"},"modified":"2026-04-22T09:19:38","modified_gmt":"2026-04-22T07:19:38","slug":"reklamaciok","status":"publish","type":"page","link":"https:\/\/eshop.elastolith.sk\/hu\/reklamaciok\/","title":{"rendered":"Reklam\u00e1ci\u00f3k"},"content":{"rendered":"\t\t<div data-elementor-type=\"wp-page\" data-elementor-id=\"10096\" class=\"elementor elementor-10096 elementor-10095\" data-elementor-post-type=\"page\">\n\t\t\t\t\t\t<section class=\"elementor-section elementor-top-section elementor-element elementor-element-807261a elementor-section-boxed elementor-section-height-default elementor-section-height-default\" data-id=\"807261a\" data-element_type=\"section\">\n\t\t\t\t\t\t<div class=\"elementor-container elementor-column-gap-default\">\n\t\t\t\t\t<div class=\"elementor-column elementor-col-100 elementor-top-column elementor-element elementor-element-cb6b5ab\" data-id=\"cb6b5ab\" data-element_type=\"column\">\n\t\t\t<div class=\"elementor-widget-wrap elementor-element-populated\">\n\t\t\t\t\t\t<div class=\"elementor-element elementor-element-56b2e39 elementor-widget elementor-widget-heading\" data-id=\"56b2e39\" data-element_type=\"widget\" data-widget_type=\"heading.default\">\n\t\t\t\t<div class=\"elementor-widget-container\">\n\t\t\t\t\t<h2 class=\"elementor-heading-title elementor-size-default\">REKLAM\u00c1CI\u00d3K<\/h2>\t\t\t\t<\/div>\n\t\t\t\t<\/div>\n\t\t\t\t<div class=\"elementor-element elementor-element-a7c75a9 elementor-widget elementor-widget-text-editor\" data-id=\"a7c75a9\" data-element_type=\"widget\" data-widget_type=\"text-editor.default\">\n\t\t\t\t<div class=\"elementor-widget-container\">\n\t\t\t\t\t\t\t\t\t<ol><li>Az Elad\u00f3 a Szlov\u00e1k K\u00f6zt\u00e1rsas\u00e1g vonatkoz\u00f3 jogszab\u00e1lyai szerint felel az \u00e1ru hib\u00e1i\u00e9rt, \u00e9s a Vev\u0151 k\u00f6teles az Elad\u00f3hoz reklam\u00e1ci\u00f3t beny\u00fajtani.<\/li><li>A jelen cikk rendelkez\u00e9sei azokra az \u00e1rukra vonatkoznak, amelyeket a Vev\u0151 az Elad\u00f3t\u00f3l az Elad\u00f3 e-kereskedelem form\u00e1j\u00e1ban v\u00e1s\u00e1rolt az Elad\u00f3 e-kereskedelmi weboldal\u00e1n.<\/li><li>Ha az \u00e1ru hib\u00e1s, a Vev\u0151 jogosult az Elad\u00f3 telephely\u00e9n reklam\u00e1ci\u00f3t beny\u00fajtani az\u00e1ltal, hogy a reklam\u00e1ci\u00f3t \u00e9s az \u00e1rut az Elad\u00f3 telephely\u00e9re sz\u00e1ll\u00edtja. Az Elad\u00f3 aj\u00e1nlja, hogy az \u00e1rut a reklam\u00e1ci\u00f3ra val\u00f3 elk\u00fcld\u00e9skor biztos\u00edtsa. A Vev\u0151 k\u00f6teles a reklam\u00e1ci\u00f3ban minden sz\u00fcks\u00e9ges adatot val\u00f3s\u00e1gh\u0171en megadni, k\u00fcl\u00f6n\u00f6sen pontosan megjel\u00f6lni az \u00e1ru hib\u00e1j\u00e1nak t\u00edpus\u00e1t \u00e9s m\u00e9rt\u00e9k\u00e9t; a Vev\u0151nek azt is meg kell jel\u00f6lnie, hogy a Polg\u00e1ri T\u00f6rv\u00e9nyk\u00f6nyv 622. \u00e9s 633. \u00a7-\u00e1b\u00f3l ered\u0151 jogai k\u00f6z\u00fcl melyeket \u00e9rv\u00e9nyes\u00edti.<\/li><li>A reklam\u00e1ci\u00f3 be\u00e9rkez\u00e9s\u00e9nek napj\u00e1n az Elad\u00f3 a Vev\u0151 r\u00e9sz\u00e9re a reklam\u00e1ci\u00f3 \u00e1tv\u00e9tel\u00e9r\u0151l sz\u00f3l\u00f3 dokumentumot \u00e1ll\u00edt ki, amelyben a fogyaszt\u00f3v\u00e9delmi t\u00f6rv\u00e9ny 18. \u00a7 (8) bekezd\u00e9s\u00e9ben foglaltaknak megfelel\u0151en kell\u0151en azonos\u00edtja a Vev\u0151t, az \u00e1rut \u00e9s az \u00e1ru hib\u00e1it. A reklam\u00e1ci\u00f3 rendez\u00e9s\u00e9t k\u00f6vet\u0151en az Elad\u00f3 e-mailben t\u00e1j\u00e9koztatja a Vev\u0151t, \u00e9s ezzel egyidej\u0171leg legk\u00e9s\u0151bb a reklam\u00e1ci\u00f3 beny\u00fajt\u00e1s\u00e1t\u00f3l sz\u00e1m\u00edtott 30 napon bel\u00fcl e-mailben \u00e9s aj\u00e1nlott lev\u00e9lben \u00e1tadja a Vev\u0151nek a reklam\u00e1ci\u00f3 rendez\u00e9s\u00e9r\u0151l sz\u00f3l\u00f3 \u00edr\u00e1sbeli igazol\u00e1st (reklam\u00e1ci\u00f3s jegyz\u0151k\u00f6nyv).<\/li><li>A panaszelj\u00e1r\u00e1s azon a napon kezd\u0151dik, amikor az al\u00e1bbi felt\u00e9telek mindegyike teljes\u00fcl:<\/li><li>a) a reklam\u00e1lt \u00e1ru lesz\u00e1ll\u00edt\u00e1sa;<\/li><li>b) a reklam\u00e1ci\u00f3r\u00f3l sz\u00f3l\u00f3 \u00e9rtes\u00edt\u00e9s;<\/li><li>c) a v\u00e1s\u00e1rl\u00e1st igazol\u00f3 bizonylat &#8211; sz\u00e1mla (m\u00e1solat) m\u00e1solat\u00e1nak \u00e1tad\u00e1sa.<\/li><li>Az Elad\u00f3 k\u00f6teles a Vev\u0151 d\u00f6nt\u00e9se alapj\u00e1n, hogy a szavatoss\u00e1gi jogok k\u00f6z\u00fcl melyiket \u00e9rv\u00e9nyes\u00edti, halad\u00e9ktalanul, bonyolult esetben legk\u00e9s\u0151bb az ig\u00e9ny bejelent\u00e9s\u00e9t\u0151l sz\u00e1m\u00edtott 3 munkanapon bel\u00fcl meghat\u00e1rozni a reklam\u00e1ci\u00f3 kezel\u00e9s\u00e9nek m\u00f3dj\u00e1t, ezt k\u00f6vet\u0151en pedig a reklam\u00e1ci\u00f3t az ig\u00e9ny bejelent\u00e9s\u00e9t\u0151l sz\u00e1m\u00edtott legfeljebb 30 napos hat\u00e1rid\u0151n bel\u00fcl kezelni.<\/li><li>Az Elad\u00f3 k\u00f6teles a panaszt kezelni \u00e9s a panaszt\u00e9teli elj\u00e1r\u00e1st a al\u00e1bbi m\u00f3dok valamelyik\u00e9n lez\u00e1rni:<\/li><li>a) a jav\u00edtott \u00e1ru \u00e1tad\u00e1s\u00e1val,<\/li><li>b) az \u00e1ru kicser\u00e9l\u00e9s\u00e9vel,<\/li><li>c) az \u00e1ru v\u00e9tel\u00e1r\u00e1nak visszat\u00e9r\u00edt\u00e9s\u00e9vel,<\/li><li>d) az \u00e1ru \u00e1r\u00e1b\u00f3l \u00e9sszer\u0171 \u00e1rengedm\u00e9ny kifizet\u00e9s\u00e9vel,<\/li><li>e) a panasz indokol\u00e1ssal ell\u00e1tott elutas\u00edt\u00e1s\u00e1val.<\/li><li>A term\u00e9k megv\u00e1s\u00e1rl\u00e1s\u00e1t\u00f3l sz\u00e1m\u00edtott 12 h\u00f3napon bel\u00fcl beny\u00fajtott reklam\u00e1ci\u00f3 eset\u00e9n az Elad\u00f3 a reklam\u00e1ci\u00f3t kiz\u00e1r\u00f3lag \u00edr\u00e1sbeli szakmai \u00e9rt\u00e9kel\u00e9s alapj\u00e1n utas\u00edthatja el. Ha az Elad\u00f3 a term\u00e9k megv\u00e1s\u00e1rl\u00e1s\u00e1t\u00f3l sz\u00e1m\u00edtott 12 h\u00f3nap eltelt\u00e9vel beny\u00fajtott reklam\u00e1ci\u00f3t elutas\u00edtja, az Elad\u00f3 t\u00e1j\u00e9koztatja a Vev\u0151t arr\u00f3l a szem\u00e9lyr\u0151l, akinek a term\u00e9k szakmai \u00e9rt\u00e9kel\u00e9s c\u00e9lj\u00e1b\u00f3l elk\u00fcldhet\u0151. A reklam\u00e1ci\u00f3kezel\u00e9s szempontj\u00e1b\u00f3l a szak\u00e9rt\u0151i \u00e9rt\u00e9kel\u00e9s mag\u00e1ban foglalja t\u00f6bbek k\u00f6z\u00f6tt egy arra jogosult szem\u00e9ly (az adott ter\u00fcleten bejegyzett igazs\u00e1g\u00fcgyi szak\u00e9rt\u0151) vagy m\u00e1s, jogszab\u00e1lyban kijel\u00f6lt szem\u00e9ly v\u00e9lem\u00e9ny\u00e9t.<\/li><li>Ha a reklam\u00e1ci\u00f3 t\u00e1rgya olyan \u00e1ru, amely t\u00e9nylegesen nem sz\u00e1ll\u00edthat\u00f3 az Elad\u00f3nak, vagy amely r\u00f6gz\u00edtett, a Vev\u0151 k\u00f6teles minden sz\u00fcks\u00e9ges seg\u00edts\u00e9get megadni ahhoz, hogy az Elad\u00f3 vagy az Elad\u00f3 \u00e1ltal kijel\u00f6lt harmadik f\u00e9l elv\u00e9gezze a reklam\u00e1lt \u00e1ru vizsg\u00e1lat\u00e1t. Az Elad\u00f3nak t\u00e9nylegesen nem sz\u00e1ll\u00edthat\u00f3 vagy szil\u00e1rdan r\u00f6gz\u00edtett \u00e1rura vonatkoz\u00f3 reklam\u00e1ci\u00f3s elj\u00e1r\u00e1s azon a napon kezd\u0151dik, amikor az \u00e1ru els\u0151 mondat szerinti vizsg\u00e1lat\u00e1t elv\u00e9gezt\u00e9k. Ha azonban az Elad\u00f3 vagy az Elad\u00f3 \u00e1ltal kijel\u00f6lt harmadik f\u00e9l a Vev\u0151 \u00e1ltal biztos\u00edtott sz\u00fcks\u00e9ges egy\u00fcttm\u0171k\u00f6d\u00e9s ellen\u00e9re sem gondoskodik a vizsg\u00e1latr\u00f3l \u00e9sszer\u0171 id\u0151n bel\u00fcl, de legk\u00e9s\u0151bb a reklam\u00e1ci\u00f3s \u00e9rtes\u00edt\u00e9s Elad\u00f3nak t\u00f6rt\u00e9n\u0151 \u00e1tad\u00e1s\u00e1t\u00f3l sz\u00e1m\u00edtott 15 napon bel\u00fcl, a reklam\u00e1ci\u00f3s elj\u00e1r\u00e1s a reklam\u00e1ci\u00f3s \u00e9rtes\u00edt\u00e9s Elad\u00f3nak t\u00f6rt\u00e9n\u0151 \u00e1tad\u00e1s\u00e1nak napj\u00e1n kezd\u0151dik.<\/li><li>A Vev\u0151 nem jogosult felel\u0151ss\u00e9get \u00e9rv\u00e9nyes\u00edteni olyan hib\u00e1k\u00e9rt, amelyekr\u0151l az Elad\u00f3t a szerz\u0151d\u00e9sk\u00f6t\u00e9skor \u00e9rtes\u00edtett\u00e9k, vagy amelyekr\u0151l az ad\u00e1sv\u00e9teli szerz\u0151d\u00e9s megk\u00f6t\u00e9s\u00e9nek k\u00f6r\u00fclm\u00e9nyeit figyelembe v\u00e9ve a Vev\u0151nek tudnia kellett volna.<\/li><li>Az Elad\u00f3 nem felel az \u00e1ru hib\u00e1i\u00e9rt:<\/li><\/ol><p>(a) ha a Vev\u0151 az \u00e1ru j\u00f3t\u00e1ll\u00e1si idej\u00e9nek lej\u00e1rt\u00e1ig nem gyakorolta az Elad\u00f3nak az \u00e1ru hib\u00e1i\u00e9rt val\u00f3 felel\u0151ss\u00e9g\u00e9re vonatkoz\u00f3 jog\u00e1t,<\/p><ol><li>b) ha az \u00e1ru hib\u00e1ja az \u00e1ru mechanikai s\u00e9r\u00fcl\u00e9se, amelyet a Vev\u0151 okozott,<\/li><li>c) ha az \u00e1ru hib\u00e1j\u00e1t az \u00e1ru olyan k\u00f6r\u00fclm\u00e9nyek k\u00f6z\u00f6tt t\u00f6rt\u00e9n\u0151 haszn\u00e1lata okozta, amelyek intenzit\u00e1sukban, p\u00e1ratartalmukban, k\u00e9miai \u00e9s mechanikai hat\u00e1sukban nem felelnek meg az \u00e1ru term\u00e9szetes k\u00f6rnyezet\u00e9nek,<\/li><li>d) ha az \u00e1ru hib\u00e1j\u00e1t az \u00e1ru szakszer\u0171tlen kezel\u00e9se, \u00fczemeltet\u00e9se vagy gondoz\u00e1s\u00e1nak elhanyagol\u00e1sa okozta,<\/li><li>e) ha az \u00e1ru hib\u00e1j\u00e1t az \u00e1ru t\u00falzott terhel\u00e9ssel vagy a dokument\u00e1ci\u00f3ban meghat\u00e1rozott felt\u00e9telekkel, illetve az \u00e1ru rendes haszn\u00e1lat\u00e1nak \u00e1ltal\u00e1nos elveivel ellent\u00e9tes haszn\u00e1lat\u00e1val okozott s\u00e9r\u00fcl\u00e9s okozta,<\/li><li>f) ha az \u00e1ru hib\u00e1j\u00e1t az \u00e1ru olyan k\u00e1rosod\u00e1sa okozza, amelyet elker\u00fclhetetlen \u00e9s\/vagy el\u0151re nem l\u00e1that\u00f3 esem\u00e9nyek okoztak,<\/li><li>g) ha az \u00e1ru hib\u00e1j\u00e1t az \u00e1ru v\u00e9letlen roml\u00e1sa \u00e9s v\u00e9letlenszer\u0171 roml\u00e1sa okozza,<\/li><li>h) ha az \u00e1ru hib\u00e1j\u00e1t szakszer\u0171tlen beavatkoz\u00e1s, v\u00edzk\u00e1r, t\u0171z, statikus vagy l\u00e9gk\u00f6ri elektromoss\u00e1g vagy m\u00e1s term\u00e9szeti csap\u00e1s okozta,<\/li><li>i) ha az \u00e1ru hib\u00e1j\u00e1t az \u00e1ru illet\u00e9ktelen szem\u00e9ly \u00e1ltali manipul\u00e1l\u00e1sa okozta.<\/li><li>j) ha olyan nyilv\u00e1nval\u00f3 hib\u00e1r\u00f3l van sz\u00f3, amelyet a Vev\u0151 a sz\u00e1ll\u00edtm\u00e1ny \u00e1tv\u00e9telekor a sz\u00e1ll\u00edtm\u00e1ny megvizsg\u00e1l\u00e1s\u00e1val \u00e9szlelhetett volna, \u00e9s amelyet a Vev\u0151 nem jelzett azonnal az Elad\u00f3 k\u00e9pvisel\u0151j\u00e9nek, az ilyen jelleg\u0171 ut\u00f3lagos reklam\u00e1ci\u00f3kat csak akkor fogadjuk el, ha a Vev\u0151 bizony\u00edtja, hogy az \u00e1ru m\u00e1r akkor rendelkezett az \u00e1ll\u00edtott hib\u00e1val, amikor a Vev\u0151 \u00e1tvette.<\/li><li>Az olyan dolgok, mint a \u201epatina\u201d (a fug\u00e1k \u00e9s elm\u00e9letileg a burkolatok sz\u00edn\u00e1rnyalatainak fokozatos v\u00e1ltoz\u00e1sa), moha, a falazat \u00e9r\u00e9s\u00e9nek term\u00e9szetes r\u00e9szek\u00e9nt megjelen\u0151 feh\u00e9r foltok a\u00a0t\u00e9gl\u00e1k fel\u00fclet\u00e9n \u00e9s egy\u00e9b term\u00e9szetes folyamatok nem k\u00e9pezik a reklam\u00e1ci\u00f3 t\u00e1rgy\u00e1t, \u00e9s az Elad\u00f3 ez\u00e9rt nem v\u00e1llal felel\u0151ss\u00e9get. Az Elad\u00f3 kijelenti, hogy a fug\u00e1z\u00e1s sz\u00edn\u00e9nek teljes homogenit\u00e1sa csak 24 h\u00f3nap eltelt\u00e9vel \u00e9rhet\u0151 el.<\/li><li>Az Elad\u00f3 nem felel a szerel\u0151k munk\u00e1j\u00e1\u00e9rt, \u00e9s nem v\u00e1llal felel\u0151ss\u00e9get az\u00e9rt, ha a t\u00e9gl\u00e1k leesnek.<\/li><li>Az Elad\u00f3 weboldal\u00e1n az \u00e1ruk \u00e1br\u00e1zol\u00e1sa kiz\u00e1r\u00f3lag illusztr\u00e1ci\u00f3s c\u00e9lokat szolg\u00e1l. A sz\u00edn\u00e1rnyalatok megjelen\u00edt\u00e9se t\u00f6bbek k\u00f6z\u00f6tt a haszn\u00e1lt monitor vagy egy\u00e9b berendez\u00e9s min\u0151s\u00e9g\u00e9t\u0151l f\u00fcgg. Az Elad\u00f3 ez\u00e9rt nem v\u00e1llal felel\u0151ss\u00e9get az \u00e1ru egy\u00e9b megjelen\u00edt\u00e9s\u00e9\u00e9rt.<\/li><li>A j\u00f3t\u00e1ll\u00e1si id\u0151 az \u00e1ru \u00e1tv\u00e9tel\u00e9t\u0151l sz\u00e1m\u00edtott 24 h\u00f3nap, kiv\u00e9ve, ha egyedi esetekben ett\u0151l elt\u00e9r\u0151 j\u00f3t\u00e1ll\u00e1si id\u0151 van meghat\u00e1rozva.<\/li><li>Ha a fogyaszt\u00f3 nem el\u00e9gedett azzal, ahogyan az Elad\u00f3 a panasz\u00e1t kezelte, vagy ha \u00fagy v\u00e9li, hogy az Elad\u00f3 megs\u00e9rtette a jogait, lehet\u0151s\u00e9ge van arra, hogy az Elad\u00f3hoz forduljon jogorvoslati k\u00e9relemmel. Ha az Elad\u00f3 a jogorvoslati k\u00e9relemre nemleges v\u00e1laszt ad, vagy nem v\u00e1laszol a felad\u00e1s napj\u00e1t\u00f3l sz\u00e1m\u00edtott 30 napon bel\u00fcl, a fogyaszt\u00f3nak joga van jogorvoslatot k\u00e9rni a 391\/2015 sz. t\u00f6rv\u00e9ny 12. szakasza szerint. a fogyaszt\u00f3i jogvit\u00e1k alternat\u00edv vitarendez\u00e9s\u00e9r\u0151l, valamint egyes t\u00f6rv\u00e9nyek m\u00f3dos\u00edt\u00e1s\u00e1r\u00f3l \u00e9s kieg\u00e9sz\u00edt\u00e9s\u00e9r\u0151l sz\u00f3l\u00f3 t\u00f6rv\u00e9nyek m\u00f3dos\u00edt\u00e1s\u00e1r\u00f3l \u00e9s kieg\u00e9sz\u00edt\u00e9s\u00e9r\u0151l sz\u00f3l\u00f3 t\u00f6rv\u00e9nyben foglaltak szerint jog\u00e1ban \u00e1ll javaslatot tenni a jogvit\u00e1ja alternat\u00edv megold\u00e1s\u00e1nak kezdem\u00e9nyez\u00e9s\u00e9re. A web\u00e1ruh\u00e1z \u00fczemeltet\u0151j\u00e9vel fenn\u00e1ll\u00f3 fogyaszt\u00f3i jogvit\u00e1k alternat\u00edv vitarendez\u00e9s\u00e9re a Szlov\u00e1k Kereskedelmi Fel\u00fcgyelet (www.soi.sk) vagy a Szlov\u00e1k K\u00f6zt\u00e1rsas\u00e1g Gazdas\u00e1gi Miniszt\u00e9riuma \u00e1ltal vezetett alternat\u00edv vitarendez\u00e9si szervezetek jegyz\u00e9k\u00e9ben szerepl\u0151 m\u00e1s illet\u00e9kes, felhatalmazott jogi szem\u00e9ly illet\u00e9kes, a fogyaszt\u00f3 pedig jogosult megv\u00e1lasztani, hogy a fent eml\u00edtett alternat\u00edv vitarendez\u00e9si szervezetek k\u00f6z\u00fcl melyikhez fordul. Ugyanakkor a fogyaszt\u00f3 az Eur\u00f3pai Bizotts\u00e1g honlapj\u00e1n el\u00e9rhet\u0151 online vitarendez\u00e9si platformon kereszt\u00fcl alternat\u00edv vitarendez\u00e9si javaslatot is beny\u00fajthat. A javaslat d\u00edj\u00e1r\u00f3l az adott alternat\u00edv vitarendez\u00e9si szervezet honlapj\u00e1n tal\u00e1lhat\u00f3 inform\u00e1ci\u00f3.<\/li><\/ol><p>\u00a0<\/p><p><strong>Z\u00e1r\u00f3 rendelkez\u00e9sek<\/strong><\/p><ol><li>A jelen \u00e1ltal\u00e1nos szerz\u0151d\u00e9si felt\u00e9telek \u00e1ltal nem szab\u00e1lyozott kapcsolatokra a Polg\u00e1ri T\u00f6rv\u00e9nyk\u00f6nyv, a Kereskedelmi T\u00f6rv\u00e9nyk\u00f6nyv, az elektronikus kereskedelemr\u0151l sz\u00f3l\u00f3 t\u00f6rv\u00e9ny \u00e9s a t\u00e1v\u00e9rt\u00e9kes\u00edt\u00e9sben t\u00f6rt\u00e9n\u0151 fogyaszt\u00f3v\u00e9delemr\u0151l sz\u00f3l\u00f3 t\u00f6rv\u00e9ny rendelkez\u00e9sei vonatkoznak.<\/li><li>A jelen \u00e1ltal\u00e1nos szerz\u0151d\u00e9si felt\u00e9telek a\u00a0Vev\u0151vel szemben az ad\u00e1sv\u00e9teli szerz\u0151d\u00e9s megk\u00f6t\u00e9s\u00e9vel l\u00e9pnek hat\u00e1lyba.<\/li><li>A megrendel\u00e9s elk\u00fcld\u00e9se el\u0151tt a Vev\u0151nek a jel\u00f6l\u0151n\u00e9gyzet bejel\u00f6l\u00e9s\u00e9vel meg kell er\u0151s\u00edtenie, hogy megismerte a jelen \u00c1ltal\u00e1nos Szerz\u0151d\u00e9si Felt\u00e9teleket, elolvasta azokat, meg\u00e9rtette tartalmukat \u00e9s teljes eg\u00e9sz\u00e9ben elfogadja azokat.<\/li><\/ol>\t\t\t\t\t\t\t\t<\/div>\n\t\t\t\t<\/div>\n\t\t\t\t\t<\/div>\n\t\t<\/div>\n\t\t\t\t\t<\/div>\n\t\t<\/section>\n\t\t\t\t<\/div>\n\t\t","protected":false},"excerpt":{"rendered":"<p>REKLAM\u00c1CI\u00d3K Az Elad\u00f3 a Szlov\u00e1k K\u00f6zt\u00e1rsas\u00e1g vonatkoz\u00f3 jogszab\u00e1lyai szerint felel az \u00e1ru hib\u00e1i\u00e9rt, \u00e9s a Vev\u0151 k\u00f6teles az Elad\u00f3hoz reklam\u00e1ci\u00f3t beny\u00fajtani. A jelen cikk rendelkez\u00e9sei azokra az \u00e1rukra vonatkoznak, amelyeket a Vev\u0151 az Elad\u00f3t\u00f3l az Elad\u00f3 e-kereskedelem form\u00e1j\u00e1ban v\u00e1s\u00e1rolt az Elad\u00f3 e-kereskedelmi weboldal\u00e1n. Ha az \u00e1ru hib\u00e1s, a Vev\u0151 jogosult az Elad\u00f3 telephely\u00e9n reklam\u00e1ci\u00f3t beny\u00fajtani [&hellip;]<\/p>\n","protected":false},"author":5,"featured_media":0,"parent":0,"menu_order":0,"comment_status":"closed","ping_status":"closed","template":"elementor_header_footer","meta":{"footnotes":""},"class_list":["post-10096","page","type-page","status-publish","hentry"],"yoast_head":"<!-- This site is optimized with the Yoast SEO plugin v19.14 - https:\/\/yoast.com\/wordpress\/plugins\/seo\/ -->\n<title>Reklam\u00e1ci\u00f3k - Tehlov\u00e9 obklady Elastolith<\/title>\n<meta name=\"robots\" content=\"index, follow, max-snippet:-1, max-image-preview:large, max-video-preview:-1\" \/>\n<link rel=\"canonical\" href=\"https:\/\/eshop.elastolith.sk\/hu\/reklamaciok\/\" \/>\n<meta property=\"og:locale\" content=\"hu_HU\" \/>\n<meta property=\"og:type\" content=\"article\" \/>\n<meta property=\"og:title\" content=\"Reklam\u00e1ci\u00f3k - Tehlov\u00e9 obklady Elastolith\" \/>\n<meta property=\"og:description\" content=\"REKLAM\u00c1CI\u00d3K Az Elad\u00f3 a Szlov\u00e1k K\u00f6zt\u00e1rsas\u00e1g vonatkoz\u00f3 jogszab\u00e1lyai szerint felel az \u00e1ru hib\u00e1i\u00e9rt, \u00e9s a Vev\u0151 k\u00f6teles az Elad\u00f3hoz reklam\u00e1ci\u00f3t beny\u00fajtani. A jelen cikk rendelkez\u00e9sei azokra az \u00e1rukra vonatkoznak, amelyeket a Vev\u0151 az Elad\u00f3t\u00f3l az Elad\u00f3 e-kereskedelem form\u00e1j\u00e1ban v\u00e1s\u00e1rolt az Elad\u00f3 e-kereskedelmi weboldal\u00e1n. Ha az \u00e1ru hib\u00e1s, a Vev\u0151 jogosult az Elad\u00f3 telephely\u00e9n reklam\u00e1ci\u00f3t beny\u00fajtani [&hellip;]\" \/>\n<meta property=\"og:url\" content=\"https:\/\/eshop.elastolith.sk\/hu\/reklamaciok\/\" \/>\n<meta property=\"og:site_name\" content=\"Tehlov\u00e9 obklady Elastolith\" \/>\n<meta property=\"article:modified_time\" content=\"2026-04-22T07:19:38+00:00\" \/>\n<meta name=\"twitter:card\" content=\"summary_large_image\" \/>\n<meta name=\"twitter:label1\" content=\"Becs\u00fclt olvas\u00e1si id\u0151\" \/>\n\t<meta name=\"twitter:data1\" content=\"7 perc\" \/>\n<script type=\"application\/ld+json\" class=\"yoast-schema-graph\">{\"@context\":\"https:\/\/schema.org\",\"@graph\":[{\"@type\":\"WebPage\",\"@id\":\"https:\/\/eshop.elastolith.sk\/hu\/reklamaciok\/\",\"url\":\"https:\/\/eshop.elastolith.sk\/hu\/reklamaciok\/\",\"name\":\"Reklam\u00e1ci\u00f3k - Tehlov\u00e9 obklady Elastolith\",\"isPartOf\":{\"@id\":\"https:\/\/eshop.elastolith.sk\/hu\/#website\"},\"datePublished\":\"2026-04-22T07:09:47+00:00\",\"dateModified\":\"2026-04-22T07:19:38+00:00\",\"breadcrumb\":{\"@id\":\"https:\/\/eshop.elastolith.sk\/hu\/reklamaciok\/#breadcrumb\"},\"inLanguage\":\"hu\",\"potentialAction\":[{\"@type\":\"ReadAction\",\"target\":[\"https:\/\/eshop.elastolith.sk\/hu\/reklamaciok\/\"]}]},{\"@type\":\"BreadcrumbList\",\"@id\":\"https:\/\/eshop.elastolith.sk\/hu\/reklamaciok\/#breadcrumb\",\"itemListElement\":[{\"@type\":\"ListItem\",\"position\":1,\"name\":\"Home\",\"item\":\"https:\/\/eshop.elastolith.sk\/hu\/\"},{\"@type\":\"ListItem\",\"position\":2,\"name\":\"Reklam\u00e1ci\u00f3k\"}]},{\"@type\":\"WebSite\",\"@id\":\"https:\/\/eshop.elastolith.sk\/hu\/#website\",\"url\":\"https:\/\/eshop.elastolith.sk\/hu\/\",\"name\":\"Tehlov\u00e9 obklady Elastolith\",\"description\":\"\",\"publisher\":{\"@id\":\"https:\/\/eshop.elastolith.sk\/hu\/#organization\"},\"potentialAction\":[{\"@type\":\"SearchAction\",\"target\":{\"@type\":\"EntryPoint\",\"urlTemplate\":\"https:\/\/eshop.elastolith.sk\/hu\/?s={search_term_string}\"},\"query-input\":\"required name=search_term_string\"}],\"inLanguage\":\"hu\"},{\"@type\":\"Organization\",\"@id\":\"https:\/\/eshop.elastolith.sk\/hu\/#organization\",\"name\":\"Tehlov\u00e9 obklady Elastolith\",\"url\":\"https:\/\/eshop.elastolith.sk\/hu\/\",\"logo\":{\"@type\":\"ImageObject\",\"inLanguage\":\"hu\",\"@id\":\"https:\/\/eshop.elastolith.sk\/hu\/#\/schema\/logo\/image\/\",\"url\":\"https:\/\/eshop.elastolith.sk\/wp-content\/uploads\/2024\/06\/cropped-elastolith-logo.jpg\",\"contentUrl\":\"https:\/\/eshop.elastolith.sk\/wp-content\/uploads\/2024\/06\/cropped-elastolith-logo.jpg\",\"width\":906,\"height\":321,\"caption\":\"Tehlov\u00e9 obklady Elastolith\"},\"image\":{\"@id\":\"https:\/\/eshop.elastolith.sk\/hu\/#\/schema\/logo\/image\/\"}}]}<\/script>\n<!-- \/ Yoast SEO plugin. -->","yoast_head_json":{"title":"Reklam\u00e1ci\u00f3k - Tehlov\u00e9 obklady Elastolith","robots":{"index":"index","follow":"follow","max-snippet":"max-snippet:-1","max-image-preview":"max-image-preview:large","max-video-preview":"max-video-preview:-1"},"canonical":"https:\/\/eshop.elastolith.sk\/hu\/reklamaciok\/","og_locale":"hu_HU","og_type":"article","og_title":"Reklam\u00e1ci\u00f3k - Tehlov\u00e9 obklady Elastolith","og_description":"REKLAM\u00c1CI\u00d3K Az Elad\u00f3 a Szlov\u00e1k K\u00f6zt\u00e1rsas\u00e1g vonatkoz\u00f3 jogszab\u00e1lyai szerint felel az \u00e1ru hib\u00e1i\u00e9rt, \u00e9s a Vev\u0151 k\u00f6teles az Elad\u00f3hoz reklam\u00e1ci\u00f3t beny\u00fajtani. A jelen cikk rendelkez\u00e9sei azokra az \u00e1rukra vonatkoznak, amelyeket a Vev\u0151 az Elad\u00f3t\u00f3l az Elad\u00f3 e-kereskedelem form\u00e1j\u00e1ban v\u00e1s\u00e1rolt az Elad\u00f3 e-kereskedelmi weboldal\u00e1n. Ha az \u00e1ru hib\u00e1s, a Vev\u0151 jogosult az Elad\u00f3 telephely\u00e9n reklam\u00e1ci\u00f3t beny\u00fajtani [&hellip;]","og_url":"https:\/\/eshop.elastolith.sk\/hu\/reklamaciok\/","og_site_name":"Tehlov\u00e9 obklady Elastolith","article_modified_time":"2026-04-22T07:19:38+00:00","twitter_card":"summary_large_image","twitter_misc":{"Becs\u00fclt olvas\u00e1si id\u0151":"7 perc"},"schema":{"@context":"https:\/\/schema.org","@graph":[{"@type":"WebPage","@id":"https:\/\/eshop.elastolith.sk\/hu\/reklamaciok\/","url":"https:\/\/eshop.elastolith.sk\/hu\/reklamaciok\/","name":"Reklam\u00e1ci\u00f3k - Tehlov\u00e9 obklady Elastolith","isPartOf":{"@id":"https:\/\/eshop.elastolith.sk\/hu\/#website"},"datePublished":"2026-04-22T07:09:47+00:00","dateModified":"2026-04-22T07:19:38+00:00","breadcrumb":{"@id":"https:\/\/eshop.elastolith.sk\/hu\/reklamaciok\/#breadcrumb"},"inLanguage":"hu","potentialAction":[{"@type":"ReadAction","target":["https:\/\/eshop.elastolith.sk\/hu\/reklamaciok\/"]}]},{"@type":"BreadcrumbList","@id":"https:\/\/eshop.elastolith.sk\/hu\/reklamaciok\/#breadcrumb","itemListElement":[{"@type":"ListItem","position":1,"name":"Home","item":"https:\/\/eshop.elastolith.sk\/hu\/"},{"@type":"ListItem","position":2,"name":"Reklam\u00e1ci\u00f3k"}]},{"@type":"WebSite","@id":"https:\/\/eshop.elastolith.sk\/hu\/#website","url":"https:\/\/eshop.elastolith.sk\/hu\/","name":"Tehlov\u00e9 obklady Elastolith","description":"","publisher":{"@id":"https:\/\/eshop.elastolith.sk\/hu\/#organization"},"potentialAction":[{"@type":"SearchAction","target":{"@type":"EntryPoint","urlTemplate":"https:\/\/eshop.elastolith.sk\/hu\/?s={search_term_string}"},"query-input":"required name=search_term_string"}],"inLanguage":"hu"},{"@type":"Organization","@id":"https:\/\/eshop.elastolith.sk\/hu\/#organization","name":"Tehlov\u00e9 obklady Elastolith","url":"https:\/\/eshop.elastolith.sk\/hu\/","logo":{"@type":"ImageObject","inLanguage":"hu","@id":"https:\/\/eshop.elastolith.sk\/hu\/#\/schema\/logo\/image\/","url":"https:\/\/eshop.elastolith.sk\/wp-content\/uploads\/2024\/06\/cropped-elastolith-logo.jpg","contentUrl":"https:\/\/eshop.elastolith.sk\/wp-content\/uploads\/2024\/06\/cropped-elastolith-logo.jpg","width":906,"height":321,"caption":"Tehlov\u00e9 obklady Elastolith"},"image":{"@id":"https:\/\/eshop.elastolith.sk\/hu\/#\/schema\/logo\/image\/"}}]}},"_links":{"self":[{"href":"https:\/\/eshop.elastolith.sk\/hu\/wp-json\/wp\/v2\/pages\/10096","targetHints":{"allow":["GET"]}}],"collection":[{"href":"https:\/\/eshop.elastolith.sk\/hu\/wp-json\/wp\/v2\/pages"}],"about":[{"href":"https:\/\/eshop.elastolith.sk\/hu\/wp-json\/wp\/v2\/types\/page"}],"author":[{"embeddable":true,"href":"https:\/\/eshop.elastolith.sk\/hu\/wp-json\/wp\/v2\/users\/5"}],"replies":[{"embeddable":true,"href":"https:\/\/eshop.elastolith.sk\/hu\/wp-json\/wp\/v2\/comments?post=10096"}],"version-history":[{"count":1,"href":"https:\/\/eshop.elastolith.sk\/hu\/wp-json\/wp\/v2\/pages\/10096\/revisions"}],"predecessor-version":[{"id":10122,"href":"https:\/\/eshop.elastolith.sk\/hu\/wp-json\/wp\/v2\/pages\/10096\/revisions\/10122"}],"wp:attachment":[{"href":"https:\/\/eshop.elastolith.sk\/hu\/wp-json\/wp\/v2\/media?parent=10096"}],"curies":[{"name":"wp","href":"https:\/\/api.w.org\/{rel}","templated":true}]}}