{"id":9132,"date":"2018-07-07T11:27:10","date_gmt":"2018-07-07T09:27:10","guid":{"rendered":"https:\/\/eshop.elastolith.sk\/kapcsolat\/"},"modified":"2025-06-11T17:44:42","modified_gmt":"2025-06-11T15:44:42","slug":"kapcsolat","status":"publish","type":"page","link":"https:\/\/eshop.elastolith.sk\/hu\/kapcsolat\/","title":{"rendered":"Kapcsolat"},"content":{"rendered":"\t\t<div data-elementor-type=\"wp-post\" data-elementor-id=\"9132\" class=\"elementor elementor-9132 elementor-1132\" data-elementor-post-type=\"page\">\n\t\t\t\t\t\t<section class=\"elementor-section elementor-top-section elementor-element elementor-element-6a79221 elementor-section-stretched elementor-section-full_width elementor-section-height-default elementor-section-height-default\" data-id=\"6a79221\" data-element_type=\"section\" data-settings=\"{&quot;stretch_section&quot;:&quot;section-stretched&quot;}\">\n\t\t\t\t\t\t<div class=\"elementor-container elementor-column-gap-no\">\n\t\t\t\t\t<div class=\"elementor-column elementor-col-100 elementor-top-column elementor-element elementor-element-dfc1dba\" data-id=\"dfc1dba\" data-element_type=\"column\">\n\t\t\t<div class=\"elementor-widget-wrap elementor-element-populated\">\n\t\t\t\t\t\t<div class=\"elementor-element elementor-element-ee79b03 elementor-widget elementor-widget-html\" data-id=\"ee79b03\" data-element_type=\"widget\" data-widget_type=\"html.default\">\n\t\t\t\t<div class=\"elementor-widget-container\">\n\t\t\t\t\t<iframe src=\"https:\/\/www.google.com\/maps\/embed?pb=!1m18!1m12!1m3!1d2665.2026197016407!2d18.162295816410868!3d48.087032279219535!2m3!1f0!2f0!3f0!3m2!1i1024!2i768!4f13.1!3m3!1m2!1s0x476b1ada74ef7bf1%3A0xb2c41efa397d71ba!2zTm92b3rDoW1vY2vDoSAxMjAwLzQ3LCA5NDIgMDEgxaB1cmFueQ!5e0!3m2!1ssk!2ssk!4v1668697920817!5m2!1ssk!2ssk\" width=\"600\" height=\"450\" style=\"border:0;\" allowfullscreen=\"\" loading=\"lazy\" referrerpolicy=\"no-referrer-when-downgrade\"><\/iframe>\t\t\t\t<\/div>\n\t\t\t\t<\/div>\n\t\t\t\t\t<\/div>\n\t\t<\/div>\n\t\t\t\t\t<\/div>\n\t\t<\/section>\n\t\t\t\t<section class=\"elementor-section elementor-top-section elementor-element elementor-element-3fdebd4 elementor-section-content-top elementor-section-boxed elementor-section-height-default elementor-section-height-default\" data-id=\"3fdebd4\" data-element_type=\"section\">\n\t\t\t\t\t\t<div class=\"elementor-container elementor-column-gap-wider\">\n\t\t\t\t\t<div class=\"elementor-column elementor-col-50 elementor-top-column elementor-element elementor-element-b276ccd\" data-id=\"b276ccd\" data-element_type=\"column\">\n\t\t\t<div class=\"elementor-widget-wrap elementor-element-populated\">\n\t\t\t\t\t\t<div class=\"elementor-element elementor-element-bd3b51e elementor-widget elementor-widget-heading\" data-id=\"bd3b51e\" data-element_type=\"widget\" data-widget_type=\"heading.default\">\n\t\t\t\t<div class=\"elementor-widget-container\">\n\t\t\t\t\t<h6 class=\"elementor-heading-title elementor-size-default\">V\u00e1llalati adatok<\/h6>\t\t\t\t<\/div>\n\t\t\t\t<\/div>\n\t\t\t\t<div class=\"elementor-element elementor-element-ca20b00 elementor-widget elementor-widget-heading\" data-id=\"ca20b00\" data-element_type=\"widget\" data-widget_type=\"heading.default\">\n\t\t\t\t<div class=\"elementor-widget-container\">\n\t\t\t\t\t<h2 class=\"elementor-heading-title elementor-size-default\">BRICK TRADE, s.r.o.<\/h2>\t\t\t\t<\/div>\n\t\t\t\t<\/div>\n\t\t\t\t<div class=\"elementor-element elementor-element-918b79f elementor-widget elementor-widget-text-editor\" data-id=\"918b79f\" data-element_type=\"widget\" data-widget_type=\"text-editor.default\">\n\t\t\t\t<div class=\"elementor-widget-container\">\n\t\t\t\t\t\t\t\t\t<p>Jesensk\u00e9ho 15<br>941 01 B\u00e1nov<\/p><p>Statisztikai azonos\u00edt\u00f3 jel (I\u010cO): 45691517<br>Ad\u00f3sz\u00e1m (DI\u010c): 2023086648<br>K\u00f6z\u00f6ss\u00e9gi ad\u00f3sz\u00e1m (I\u010c DPH): SK2023086648<br><br><\/p>\t\t\t\t\t\t\t\t<\/div>\n\t\t\t\t<\/div>\n\t\t\t\t\t<\/div>\n\t\t<\/div>\n\t\t\t\t<div class=\"elementor-column elementor-col-50 elementor-top-column elementor-element elementor-element-4e729dc\" data-id=\"4e729dc\" data-element_type=\"column\">\n\t\t\t<div class=\"elementor-widget-wrap elementor-element-populated\">\n\t\t\t\t\t\t<div class=\"elementor-element elementor-element-99bc42d elementor-widget elementor-widget-heading\" data-id=\"99bc42d\" data-element_type=\"widget\" data-widget_type=\"heading.default\">\n\t\t\t\t<div class=\"elementor-widget-container\">\n\t\t\t\t\t<h6 class=\"elementor-heading-title elementor-size-default\">Tan\u00e1csra van sz\u00fcks\u00e9ge?<\/h6>\t\t\t\t<\/div>\n\t\t\t\t<\/div>\n\t\t\t\t<div class=\"elementor-element elementor-element-0b0e079 elementor-widget elementor-widget-heading\" data-id=\"0b0e079\" data-element_type=\"widget\" data-widget_type=\"heading.default\">\n\t\t\t\t<div class=\"elementor-widget-container\">\n\t\t\t\t\t<h2 class=\"elementor-heading-title elementor-size-default\">Kapcsolatfelv\u00e9tel<\/h2>\t\t\t\t<\/div>\n\t\t\t\t<\/div>\n\t\t\t\t<div class=\"elementor-element elementor-element-5ab7bca elementor-widget elementor-widget-text-editor\" data-id=\"5ab7bca\" data-element_type=\"widget\" data-widget_type=\"text-editor.default\">\n\t\t\t\t<div class=\"elementor-widget-container\">\n\t\t\t\t\t\t\t\t\t<p>K\u00e9rj\u00fck, telefonon egyeztessen vel\u00fcnk egy tal\u00e1lkoz\u00f3t.<\/p><p><strong>Bemutat\u00f3terem:<\/strong><br>Novoz\u00e1mock\u00e1 47<br>\u0160urany<\/p><p><strong>Sz\u00e1ll\u00edtm\u00e1nyoz\u00e1si rakt\u00e1r:<\/strong><br>Budovate\u013esk\u00e1 4194\/5<br>Doln\u00e1 kapsa<br>940 02 Nov\u00e9 Z\u00e1mky<\/p><p><strong>Telefon:<\/strong><br><a href=\"tel:+421904022994\">0904 022 994<\/a><\/p><p><strong>E-mail:<\/strong><br><a href=\"mailto:info@tehloveobklady.eu\">info@elastolith.sk<\/a><\/p><p><strong>Facebook:<\/strong><br><a href=\"https:\/\/www.facebook.com\/elastolith.sk\/\" target=\"_blank\" rel=\"noopener\">Facebook: facebook.com\/elastolith.sk\/<\/a><\/p><p><strong>YouTube:<\/strong><br><a href=\"https:\/\/www.youtube.com\/channel\/UC9CeDpHomRSB27_q1MllIew\" target=\"_blank\" rel=\"noopener\">YouTube: Elastolith a YouTube-on<\/a><\/p>\t\t\t\t\t\t\t\t<\/div>\n\t\t\t\t<\/div>\n\t\t\t\t\t<\/div>\n\t\t<\/div>\n\t\t\t\t\t<\/div>\n\t\t<\/section>\n\t\t\t\t<\/div>\n\t\t","protected":false},"excerpt":{"rendered":"<p>V\u00e1llalati adatok BRICK TRADE, s.r.o. Jesensk\u00e9ho 15941 01 B\u00e1nov Statisztikai azonos\u00edt\u00f3 jel (I\u010cO): 45691517Ad\u00f3sz\u00e1m (DI\u010c): 2023086648K\u00f6z\u00f6ss\u00e9gi ad\u00f3sz\u00e1m (I\u010c DPH): SK2023086648 Tan\u00e1csra van sz\u00fcks\u00e9ge? Kapcsolatfelv\u00e9tel K\u00e9rj\u00fck, telefonon egyeztessen vel\u00fcnk egy tal\u00e1lkoz\u00f3t. Bemutat\u00f3terem:Novoz\u00e1mock\u00e1 47\u0160urany Sz\u00e1ll\u00edtm\u00e1nyoz\u00e1si rakt\u00e1r:Budovate\u013esk\u00e1 4194\/5Doln\u00e1 kapsa940 02 Nov\u00e9 Z\u00e1mky Telefon:0904 022 994 E-mail:info@elastolith.sk Facebook:Facebook: facebook.com\/elastolith.sk\/ YouTube:YouTube: Elastolith a YouTube-on<\/p>\n","protected":false},"author":1,"featured_media":0,"parent":0,"menu_order":0,"comment_status":"closed","ping_status":"closed","template":"template-fullwidth-no-heading.php","meta":{"footnotes":""},"class_list":["post-9132","page","type-page","status-publish","hentry"],"yoast_head":"<!-- This site is optimized with the Yoast SEO plugin v19.14 - https:\/\/yoast.com\/wordpress\/plugins\/seo\/ -->\n<title>Kapcsolat<\/title>\n<meta name=\"description\" content=\"A Brick Trade s.r.o. 2010 \u00f3ta a holland Elastolith - Elabrick m\u00e1rk\u00e1j\u00fa t\u00e9glaburkolatok szlov\u00e1kiai forgalmaz\u00f3ja. Gazdag tapasztalatokkal rendelkez\u00fcnk, k\u00e9rj\u00fck, l\u00e9pjen kapcsolatba vel\u00fcnk.\" \/>\n<meta name=\"robots\" content=\"index, follow, max-snippet:-1, max-image-preview:large, max-video-preview:-1\" \/>\n<link rel=\"canonical\" href=\"https:\/\/eshop.elastolith.sk\/hu\/kapcsolat\/\" \/>\n<meta property=\"og:locale\" content=\"hu_HU\" \/>\n<meta property=\"og:type\" content=\"article\" \/>\n<meta property=\"og:title\" content=\"Kapcsolat\" \/>\n<meta property=\"og:description\" content=\"A Brick Trade s.r.o. 2010 \u00f3ta a holland Elastolith - Elabrick m\u00e1rk\u00e1j\u00fa t\u00e9glaburkolatok szlov\u00e1kiai forgalmaz\u00f3ja. Gazdag tapasztalatokkal rendelkez\u00fcnk, k\u00e9rj\u00fck, l\u00e9pjen kapcsolatba vel\u00fcnk.\" \/>\n<meta property=\"og:url\" content=\"https:\/\/eshop.elastolith.sk\/hu\/kapcsolat\/\" \/>\n<meta property=\"og:site_name\" content=\"Tehlov\u00e9 obklady Elastolith\" \/>\n<meta property=\"article:modified_time\" content=\"2025-06-11T15:44:42+00:00\" \/>\n<meta name=\"twitter:card\" content=\"summary_large_image\" \/>\n<script type=\"application\/ld+json\" class=\"yoast-schema-graph\">{\"@context\":\"https:\/\/schema.org\",\"@graph\":[{\"@type\":\"WebPage\",\"@id\":\"https:\/\/eshop.elastolith.sk\/hu\/kapcsolat\/\",\"url\":\"https:\/\/eshop.elastolith.sk\/hu\/kapcsolat\/\",\"name\":\"Kapcsolat\",\"isPartOf\":{\"@id\":\"https:\/\/eshop.elastolith.sk\/hu\/#website\"},\"datePublished\":\"2018-07-07T09:27:10+00:00\",\"dateModified\":\"2025-06-11T15:44:42+00:00\",\"description\":\"A Brick Trade s.r.o. 2010 \u00f3ta a holland Elastolith - Elabrick m\u00e1rk\u00e1j\u00fa t\u00e9glaburkolatok szlov\u00e1kiai forgalmaz\u00f3ja. Gazdag tapasztalatokkal rendelkez\u00fcnk, k\u00e9rj\u00fck, l\u00e9pjen kapcsolatba vel\u00fcnk.\",\"breadcrumb\":{\"@id\":\"https:\/\/eshop.elastolith.sk\/hu\/kapcsolat\/#breadcrumb\"},\"inLanguage\":\"hu\",\"potentialAction\":[{\"@type\":\"ReadAction\",\"target\":[\"https:\/\/eshop.elastolith.sk\/hu\/kapcsolat\/\"]}]},{\"@type\":\"BreadcrumbList\",\"@id\":\"https:\/\/eshop.elastolith.sk\/hu\/kapcsolat\/#breadcrumb\",\"itemListElement\":[{\"@type\":\"ListItem\",\"position\":1,\"name\":\"Home\",\"item\":\"https:\/\/eshop.elastolith.sk\/hu\/\"},{\"@type\":\"ListItem\",\"position\":2,\"name\":\"Kapcsolat\"}]},{\"@type\":\"WebSite\",\"@id\":\"https:\/\/eshop.elastolith.sk\/hu\/#website\",\"url\":\"https:\/\/eshop.elastolith.sk\/hu\/\",\"name\":\"Tehlov\u00e9 obklady Elastolith\",\"description\":\"\",\"publisher\":{\"@id\":\"https:\/\/eshop.elastolith.sk\/hu\/#organization\"},\"potentialAction\":[{\"@type\":\"SearchAction\",\"target\":{\"@type\":\"EntryPoint\",\"urlTemplate\":\"https:\/\/eshop.elastolith.sk\/hu\/?s={search_term_string}\"},\"query-input\":\"required name=search_term_string\"}],\"inLanguage\":\"hu\"},{\"@type\":\"Organization\",\"@id\":\"https:\/\/eshop.elastolith.sk\/hu\/#organization\",\"name\":\"Tehlov\u00e9 obklady Elastolith\",\"url\":\"https:\/\/eshop.elastolith.sk\/hu\/\",\"logo\":{\"@type\":\"ImageObject\",\"inLanguage\":\"hu\",\"@id\":\"https:\/\/eshop.elastolith.sk\/hu\/#\/schema\/logo\/image\/\",\"url\":\"https:\/\/eshop.elastolith.sk\/wp-content\/uploads\/2024\/06\/cropped-elastolith-logo.jpg\",\"contentUrl\":\"https:\/\/eshop.elastolith.sk\/wp-content\/uploads\/2024\/06\/cropped-elastolith-logo.jpg\",\"width\":906,\"height\":321,\"caption\":\"Tehlov\u00e9 obklady Elastolith\"},\"image\":{\"@id\":\"https:\/\/eshop.elastolith.sk\/hu\/#\/schema\/logo\/image\/\"}}]}<\/script>\n<!-- \/ Yoast SEO plugin. -->","yoast_head_json":{"title":"Kapcsolat","description":"A Brick Trade s.r.o. 2010 \u00f3ta a holland Elastolith - Elabrick m\u00e1rk\u00e1j\u00fa t\u00e9glaburkolatok szlov\u00e1kiai forgalmaz\u00f3ja. Gazdag tapasztalatokkal rendelkez\u00fcnk, k\u00e9rj\u00fck, l\u00e9pjen kapcsolatba vel\u00fcnk.","robots":{"index":"index","follow":"follow","max-snippet":"max-snippet:-1","max-image-preview":"max-image-preview:large","max-video-preview":"max-video-preview:-1"},"canonical":"https:\/\/eshop.elastolith.sk\/hu\/kapcsolat\/","og_locale":"hu_HU","og_type":"article","og_title":"Kapcsolat","og_description":"A Brick Trade s.r.o. 2010 \u00f3ta a holland Elastolith - Elabrick m\u00e1rk\u00e1j\u00fa t\u00e9glaburkolatok szlov\u00e1kiai forgalmaz\u00f3ja. Gazdag tapasztalatokkal rendelkez\u00fcnk, k\u00e9rj\u00fck, l\u00e9pjen kapcsolatba vel\u00fcnk.","og_url":"https:\/\/eshop.elastolith.sk\/hu\/kapcsolat\/","og_site_name":"Tehlov\u00e9 obklady Elastolith","article_modified_time":"2025-06-11T15:44:42+00:00","twitter_card":"summary_large_image","schema":{"@context":"https:\/\/schema.org","@graph":[{"@type":"WebPage","@id":"https:\/\/eshop.elastolith.sk\/hu\/kapcsolat\/","url":"https:\/\/eshop.elastolith.sk\/hu\/kapcsolat\/","name":"Kapcsolat","isPartOf":{"@id":"https:\/\/eshop.elastolith.sk\/hu\/#website"},"datePublished":"2018-07-07T09:27:10+00:00","dateModified":"2025-06-11T15:44:42+00:00","description":"A Brick Trade s.r.o. 2010 \u00f3ta a holland Elastolith - Elabrick m\u00e1rk\u00e1j\u00fa t\u00e9glaburkolatok szlov\u00e1kiai forgalmaz\u00f3ja. Gazdag tapasztalatokkal rendelkez\u00fcnk, k\u00e9rj\u00fck, l\u00e9pjen kapcsolatba vel\u00fcnk.","breadcrumb":{"@id":"https:\/\/eshop.elastolith.sk\/hu\/kapcsolat\/#breadcrumb"},"inLanguage":"hu","potentialAction":[{"@type":"ReadAction","target":["https:\/\/eshop.elastolith.sk\/hu\/kapcsolat\/"]}]},{"@type":"BreadcrumbList","@id":"https:\/\/eshop.elastolith.sk\/hu\/kapcsolat\/#breadcrumb","itemListElement":[{"@type":"ListItem","position":1,"name":"Home","item":"https:\/\/eshop.elastolith.sk\/hu\/"},{"@type":"ListItem","position":2,"name":"Kapcsolat"}]},{"@type":"WebSite","@id":"https:\/\/eshop.elastolith.sk\/hu\/#website","url":"https:\/\/eshop.elastolith.sk\/hu\/","name":"Tehlov\u00e9 obklady Elastolith","description":"","publisher":{"@id":"https:\/\/eshop.elastolith.sk\/hu\/#organization"},"potentialAction":[{"@type":"SearchAction","target":{"@type":"EntryPoint","urlTemplate":"https:\/\/eshop.elastolith.sk\/hu\/?s={search_term_string}"},"query-input":"required name=search_term_string"}],"inLanguage":"hu"},{"@type":"Organization","@id":"https:\/\/eshop.elastolith.sk\/hu\/#organization","name":"Tehlov\u00e9 obklady Elastolith","url":"https:\/\/eshop.elastolith.sk\/hu\/","logo":{"@type":"ImageObject","inLanguage":"hu","@id":"https:\/\/eshop.elastolith.sk\/hu\/#\/schema\/logo\/image\/","url":"https:\/\/eshop.elastolith.sk\/wp-content\/uploads\/2024\/06\/cropped-elastolith-logo.jpg","contentUrl":"https:\/\/eshop.elastolith.sk\/wp-content\/uploads\/2024\/06\/cropped-elastolith-logo.jpg","width":906,"height":321,"caption":"Tehlov\u00e9 obklady Elastolith"},"image":{"@id":"https:\/\/eshop.elastolith.sk\/hu\/#\/schema\/logo\/image\/"}}]}},"_links":{"self":[{"href":"https:\/\/eshop.elastolith.sk\/hu\/wp-json\/wp\/v2\/pages\/9132","targetHints":{"allow":["GET"]}}],"collection":[{"href":"https:\/\/eshop.elastolith.sk\/hu\/wp-json\/wp\/v2\/pages"}],"about":[{"href":"https:\/\/eshop.elastolith.sk\/hu\/wp-json\/wp\/v2\/types\/page"}],"author":[{"embeddable":true,"href":"https:\/\/eshop.elastolith.sk\/hu\/wp-json\/wp\/v2\/users\/1"}],"replies":[{"embeddable":true,"href":"https:\/\/eshop.elastolith.sk\/hu\/wp-json\/wp\/v2\/comments?post=9132"}],"version-history":[{"count":6,"href":"https:\/\/eshop.elastolith.sk\/hu\/wp-json\/wp\/v2\/pages\/9132\/revisions"}],"predecessor-version":[{"id":9398,"href":"https:\/\/eshop.elastolith.sk\/hu\/wp-json\/wp\/v2\/pages\/9132\/revisions\/9398"}],"wp:attachment":[{"href":"https:\/\/eshop.elastolith.sk\/hu\/wp-json\/wp\/v2\/media?parent=9132"}],"curies":[{"name":"wp","href":"https:\/\/api.w.org\/{rel}","templated":true}]}}