{"id":9161,"date":"2022-12-06T11:50:22","date_gmt":"2022-12-06T10:50:22","guid":{"rendered":"https:\/\/eshop.elastolith.sk\/produkt\/elastolith-elabrick-csemperagaszto-feher\/"},"modified":"2025-09-17T13:16:25","modified_gmt":"2025-09-17T11:16:25","slug":"elastolith-elabrick-csemperagaszto-feher","status":"publish","type":"product","link":"https:\/\/eshop.elastolith.sk\/hu\/produkt\/elastolith-elabrick-csemperagaszto-feher\/","title":{"rendered":"Burkolatragaszt\u00f3 Elastolith \/ Elabrick &#8211; White (feh\u00e9r)"},"content":{"rendered":"","protected":false},"excerpt":{"rendered":"<p>Az Elabrick ragaszt\u00f3 az Elabrick csal\u00e1d tagja, haszn\u00e1lata garant\u00e1lja a burkolat felt\u00fcntetett tulajdons\u00e1gait a kikem\u00e9nyed\u00e9s ut\u00e1n. A ragaszt\u00f3 fug\u00e1z\u00f3 anyagk\u00e9nt is szolg\u00e1l, ami jelent\u0151sen felgyors\u00edtja a ragaszt\u00e1si folyamatot \u00e9s cs\u00f6kkenti a kivitelez\u00e9s teljes k\u00f6lts\u00e9g\u00e9t.<br \/>\nSz\u00fcks\u00e9ges mennyis\u00e9g: kb. 2,5 kg 1 m2 sima burkolatra \u00e9s kb. 1 kg 1 fm sarokelemre. <\/p>\n","protected":false},"featured_media":8803,"comment_status":"closed","ping_status":"closed","template":"","meta":[],"product_brand":[],"product_cat":[124],"product_tag":[],"class_list":{"0":"post-9161","1":"product","2":"type-product","3":"status-publish","4":"has-post-thumbnail","6":"product_cat-ragasztok","8":"first","9":"instock","10":"taxable","11":"shipping-taxable","12":"purchasable","13":"product-type-variable"},"yoast_head":"<!-- This site is optimized with the Yoast SEO plugin v19.14 - https:\/\/yoast.com\/wordpress\/plugins\/seo\/ -->\n<title>Burkolatragaszt\u00f3 Elastolith \/ Elabrick - White (feh\u00e9r) - Tehlov\u00e9 obklady Elastolith<\/title>\n<meta name=\"robots\" content=\"index, follow, max-snippet:-1, max-image-preview:large, max-video-preview:-1\" \/>\n<link rel=\"canonical\" href=\"https:\/\/eshop.elastolith.sk\/hu\/produkt\/elastolith-elabrick-csemperagaszto-feher\/\" \/>\n<meta property=\"og:locale\" content=\"hu_HU\" \/>\n<meta property=\"og:type\" content=\"article\" \/>\n<meta property=\"og:title\" content=\"Burkolatragaszt\u00f3 Elastolith \/ Elabrick - White (feh\u00e9r) - Tehlov\u00e9 obklady Elastolith\" \/>\n<meta property=\"og:description\" content=\"Az Elabrick ragaszt\u00f3 az Elabrick csal\u00e1d tagja, haszn\u00e1lata garant\u00e1lja a burkolat felt\u00fcntetett tulajdons\u00e1gait a kikem\u00e9nyed\u00e9s ut\u00e1n. A ragaszt\u00f3 fug\u00e1z\u00f3 anyagk\u00e9nt is szolg\u00e1l, ami jelent\u0151sen felgyors\u00edtja a ragaszt\u00e1si folyamatot \u00e9s cs\u00f6kkenti a kivitelez\u00e9s teljes k\u00f6lts\u00e9g\u00e9t. Sz\u00fcks\u00e9ges mennyis\u00e9g: kb. 2,5 kg 1 m2 sima burkolatra \u00e9s kb. 1 kg 1 fm sarokelemre.\" \/>\n<meta property=\"og:url\" content=\"https:\/\/eshop.elastolith.sk\/hu\/produkt\/elastolith-elabrick-csemperagaszto-feher\/\" \/>\n<meta property=\"og:site_name\" content=\"Tehlov\u00e9 obklady Elastolith\" \/>\n<meta property=\"article:modified_time\" content=\"2025-09-17T11:16:25+00:00\" \/>\n<meta property=\"og:image\" content=\"https:\/\/eshop.elastolith.sk\/wp-content\/uploads\/2022\/12\/Elastolith_Elabrick_Lepidlo_-White_-Biela.jpeg\" \/>\n\t<meta property=\"og:image:width\" content=\"500\" \/>\n\t<meta property=\"og:image:height\" content=\"500\" \/>\n\t<meta property=\"og:image:type\" content=\"image\/jpeg\" \/>\n<meta name=\"twitter:card\" content=\"summary_large_image\" \/>\n<script type=\"application\/ld+json\" class=\"yoast-schema-graph\">{\"@context\":\"https:\/\/schema.org\",\"@graph\":[{\"@type\":\"WebPage\",\"@id\":\"https:\/\/eshop.elastolith.sk\/hu\/produkt\/elastolith-elabrick-csemperagaszto-feher\/\",\"url\":\"https:\/\/eshop.elastolith.sk\/hu\/produkt\/elastolith-elabrick-csemperagaszto-feher\/\",\"name\":\"Burkolatragaszt\u00f3 Elastolith \/ Elabrick - White (feh\u00e9r) - Tehlov\u00e9 obklady Elastolith\",\"isPartOf\":{\"@id\":\"https:\/\/eshop.elastolith.sk\/hu\/#website\"},\"datePublished\":\"2022-12-06T10:50:22+00:00\",\"dateModified\":\"2025-09-17T11:16:25+00:00\",\"breadcrumb\":{\"@id\":\"https:\/\/eshop.elastolith.sk\/hu\/produkt\/elastolith-elabrick-csemperagaszto-feher\/#breadcrumb\"},\"inLanguage\":\"hu\",\"potentialAction\":[{\"@type\":\"ReadAction\",\"target\":[\"https:\/\/eshop.elastolith.sk\/hu\/produkt\/elastolith-elabrick-csemperagaszto-feher\/\"]}]},{\"@type\":\"BreadcrumbList\",\"@id\":\"https:\/\/eshop.elastolith.sk\/hu\/produkt\/elastolith-elabrick-csemperagaszto-feher\/#breadcrumb\",\"itemListElement\":[{\"@type\":\"ListItem\",\"position\":1,\"name\":\"Home\",\"item\":\"https:\/\/eshop.elastolith.sk\/hu\/\"},{\"@type\":\"ListItem\",\"position\":2,\"name\":\"Shop\",\"item\":\"https:\/\/eshop.elastolith.sk\/hu\/shop\/\"},{\"@type\":\"ListItem\",\"position\":3,\"name\":\"Burkolatragaszt\u00f3 Elastolith \/ Elabrick &#8211; White (feh\u00e9r)\"}]},{\"@type\":\"WebSite\",\"@id\":\"https:\/\/eshop.elastolith.sk\/hu\/#website\",\"url\":\"https:\/\/eshop.elastolith.sk\/hu\/\",\"name\":\"Tehlov\u00e9 obklady Elastolith\",\"description\":\"\",\"publisher\":{\"@id\":\"https:\/\/eshop.elastolith.sk\/hu\/#organization\"},\"potentialAction\":[{\"@type\":\"SearchAction\",\"target\":{\"@type\":\"EntryPoint\",\"urlTemplate\":\"https:\/\/eshop.elastolith.sk\/hu\/?s={search_term_string}\"},\"query-input\":\"required name=search_term_string\"}],\"inLanguage\":\"hu\"},{\"@type\":\"Organization\",\"@id\":\"https:\/\/eshop.elastolith.sk\/hu\/#organization\",\"name\":\"Tehlov\u00e9 obklady Elastolith\",\"url\":\"https:\/\/eshop.elastolith.sk\/hu\/\",\"logo\":{\"@type\":\"ImageObject\",\"inLanguage\":\"hu\",\"@id\":\"https:\/\/eshop.elastolith.sk\/hu\/#\/schema\/logo\/image\/\",\"url\":\"https:\/\/eshop.elastolith.sk\/wp-content\/uploads\/2024\/06\/cropped-elastolith-logo.jpg\",\"contentUrl\":\"https:\/\/eshop.elastolith.sk\/wp-content\/uploads\/2024\/06\/cropped-elastolith-logo.jpg\",\"width\":906,\"height\":321,\"caption\":\"Tehlov\u00e9 obklady Elastolith\"},\"image\":{\"@id\":\"https:\/\/eshop.elastolith.sk\/hu\/#\/schema\/logo\/image\/\"}}]}<\/script>\n<!-- \/ Yoast SEO plugin. -->","yoast_head_json":{"title":"Burkolatragaszt\u00f3 Elastolith \/ Elabrick - White (feh\u00e9r) - Tehlov\u00e9 obklady Elastolith","robots":{"index":"index","follow":"follow","max-snippet":"max-snippet:-1","max-image-preview":"max-image-preview:large","max-video-preview":"max-video-preview:-1"},"canonical":"https:\/\/eshop.elastolith.sk\/hu\/produkt\/elastolith-elabrick-csemperagaszto-feher\/","og_locale":"hu_HU","og_type":"article","og_title":"Burkolatragaszt\u00f3 Elastolith \/ Elabrick - White (feh\u00e9r) - Tehlov\u00e9 obklady Elastolith","og_description":"Az Elabrick ragaszt\u00f3 az Elabrick csal\u00e1d tagja, haszn\u00e1lata garant\u00e1lja a burkolat felt\u00fcntetett tulajdons\u00e1gait a kikem\u00e9nyed\u00e9s ut\u00e1n. A ragaszt\u00f3 fug\u00e1z\u00f3 anyagk\u00e9nt is szolg\u00e1l, ami jelent\u0151sen felgyors\u00edtja a ragaszt\u00e1si folyamatot \u00e9s cs\u00f6kkenti a kivitelez\u00e9s teljes k\u00f6lts\u00e9g\u00e9t. Sz\u00fcks\u00e9ges mennyis\u00e9g: kb. 2,5 kg 1 m2 sima burkolatra \u00e9s kb. 1 kg 1 fm sarokelemre.","og_url":"https:\/\/eshop.elastolith.sk\/hu\/produkt\/elastolith-elabrick-csemperagaszto-feher\/","og_site_name":"Tehlov\u00e9 obklady Elastolith","article_modified_time":"2025-09-17T11:16:25+00:00","og_image":[{"width":500,"height":500,"url":"https:\/\/eshop.elastolith.sk\/wp-content\/uploads\/2022\/12\/Elastolith_Elabrick_Lepidlo_-White_-Biela.jpeg","type":"image\/jpeg"}],"twitter_card":"summary_large_image","schema":{"@context":"https:\/\/schema.org","@graph":[{"@type":"WebPage","@id":"https:\/\/eshop.elastolith.sk\/hu\/produkt\/elastolith-elabrick-csemperagaszto-feher\/","url":"https:\/\/eshop.elastolith.sk\/hu\/produkt\/elastolith-elabrick-csemperagaszto-feher\/","name":"Burkolatragaszt\u00f3 Elastolith \/ Elabrick - White (feh\u00e9r) - Tehlov\u00e9 obklady Elastolith","isPartOf":{"@id":"https:\/\/eshop.elastolith.sk\/hu\/#website"},"datePublished":"2022-12-06T10:50:22+00:00","dateModified":"2025-09-17T11:16:25+00:00","breadcrumb":{"@id":"https:\/\/eshop.elastolith.sk\/hu\/produkt\/elastolith-elabrick-csemperagaszto-feher\/#breadcrumb"},"inLanguage":"hu","potentialAction":[{"@type":"ReadAction","target":["https:\/\/eshop.elastolith.sk\/hu\/produkt\/elastolith-elabrick-csemperagaszto-feher\/"]}]},{"@type":"BreadcrumbList","@id":"https:\/\/eshop.elastolith.sk\/hu\/produkt\/elastolith-elabrick-csemperagaszto-feher\/#breadcrumb","itemListElement":[{"@type":"ListItem","position":1,"name":"Home","item":"https:\/\/eshop.elastolith.sk\/hu\/"},{"@type":"ListItem","position":2,"name":"Shop","item":"https:\/\/eshop.elastolith.sk\/hu\/shop\/"},{"@type":"ListItem","position":3,"name":"Burkolatragaszt\u00f3 Elastolith \/ Elabrick &#8211; White (feh\u00e9r)"}]},{"@type":"WebSite","@id":"https:\/\/eshop.elastolith.sk\/hu\/#website","url":"https:\/\/eshop.elastolith.sk\/hu\/","name":"Tehlov\u00e9 obklady Elastolith","description":"","publisher":{"@id":"https:\/\/eshop.elastolith.sk\/hu\/#organization"},"potentialAction":[{"@type":"SearchAction","target":{"@type":"EntryPoint","urlTemplate":"https:\/\/eshop.elastolith.sk\/hu\/?s={search_term_string}"},"query-input":"required name=search_term_string"}],"inLanguage":"hu"},{"@type":"Organization","@id":"https:\/\/eshop.elastolith.sk\/hu\/#organization","name":"Tehlov\u00e9 obklady Elastolith","url":"https:\/\/eshop.elastolith.sk\/hu\/","logo":{"@type":"ImageObject","inLanguage":"hu","@id":"https:\/\/eshop.elastolith.sk\/hu\/#\/schema\/logo\/image\/","url":"https:\/\/eshop.elastolith.sk\/wp-content\/uploads\/2024\/06\/cropped-elastolith-logo.jpg","contentUrl":"https:\/\/eshop.elastolith.sk\/wp-content\/uploads\/2024\/06\/cropped-elastolith-logo.jpg","width":906,"height":321,"caption":"Tehlov\u00e9 obklady Elastolith"},"image":{"@id":"https:\/\/eshop.elastolith.sk\/hu\/#\/schema\/logo\/image\/"}}]}},"_links":{"self":[{"href":"https:\/\/eshop.elastolith.sk\/hu\/wp-json\/wp\/v2\/product\/9161","targetHints":{"allow":["GET"]}}],"collection":[{"href":"https:\/\/eshop.elastolith.sk\/hu\/wp-json\/wp\/v2\/product"}],"about":[{"href":"https:\/\/eshop.elastolith.sk\/hu\/wp-json\/wp\/v2\/types\/product"}],"replies":[{"embeddable":true,"href":"https:\/\/eshop.elastolith.sk\/hu\/wp-json\/wp\/v2\/comments?post=9161"}],"wp:featuredmedia":[{"embeddable":true,"href":"https:\/\/eshop.elastolith.sk\/hu\/wp-json\/wp\/v2\/media\/8803"}],"wp:attachment":[{"href":"https:\/\/eshop.elastolith.sk\/hu\/wp-json\/wp\/v2\/media?parent=9161"}],"wp:term":[{"taxonomy":"product_brand","embeddable":true,"href":"https:\/\/eshop.elastolith.sk\/hu\/wp-json\/wp\/v2\/product_brand?post=9161"},{"taxonomy":"product_cat","embeddable":true,"href":"https:\/\/eshop.elastolith.sk\/hu\/wp-json\/wp\/v2\/product_cat?post=9161"},{"taxonomy":"product_tag","embeddable":true,"href":"https:\/\/eshop.elastolith.sk\/hu\/wp-json\/wp\/v2\/product_tag?post=9161"}],"curies":[{"name":"wp","href":"https:\/\/api.w.org\/{rel}","templated":true}]}}