{"id":9219,"date":"2022-11-22T18:04:27","date_gmt":"2022-11-22T17:04:27","guid":{"rendered":"https:\/\/eshop.elastolith.sk\/produkt\/tegla-elabrick-minta-619-sevilla-krem-barna\/"},"modified":"2025-09-17T13:16:26","modified_gmt":"2025-09-17T11:16:26","slug":"tegla-elabrick-minta-619-sevilla-krem-barna","status":"publish","type":"product","link":"https:\/\/eshop.elastolith.sk\/hu\/produkt\/tegla-elabrick-minta-619-sevilla-krem-barna\/","title":{"rendered":"T\u00e9glaburkolat Elabrick minta 619 Sevilla kr\u00e9mbarna"},"content":{"rendered":"","protected":false},"excerpt":{"rendered":"<p>Flexibilis t\u00e9glaburkolat, alkalmas bel- \u00e9s k\u00fclt\u00e9ri haszn\u00e1latra, 240 x 71 mm-es m\u00e9ret, maxim\u00e1lisan term\u00e9szetes \u00f6sszetev\u0151k, k\u00f6nny\u0171 felrak\u00e1s, nagyszer\u0171 tulajdons\u00e1gok, eredeti megjelen\u00e9s. Az \u00e1r 1 m2 = 1 csomagra vonatkozik. <\/p>\n","protected":false},"featured_media":8764,"comment_status":"closed","ping_status":"closed","template":"","meta":[],"product_brand":[],"product_cat":[118],"product_tag":[],"class_list":{"0":"post-9219","1":"product","2":"type-product","3":"status-publish","4":"has-post-thumbnail","6":"product_cat-tegla-szalag-burkolat","7":"pa_farba-krembarna","8":"pa_rozmer-240-x-71-mm-hu","10":"first","11":"instock","12":"taxable","13":"shipping-taxable","14":"purchasable","15":"product-type-simple"},"yoast_head":"<!-- This site is optimized with the Yoast SEO plugin v19.14 - https:\/\/yoast.com\/wordpress\/plugins\/seo\/ -->\n<title>T\u00e9glaburkolat Elabrick minta 619 Sevilla kr\u00e9mbarna - Tehlov\u00e9 obklady Elastolith<\/title>\n<meta name=\"robots\" content=\"index, follow, max-snippet:-1, max-image-preview:large, max-video-preview:-1\" \/>\n<link rel=\"canonical\" href=\"https:\/\/eshop.elastolith.sk\/hu\/produkt\/tegla-elabrick-minta-619-sevilla-krem-barna\/\" \/>\n<meta property=\"og:locale\" content=\"hu_HU\" \/>\n<meta property=\"og:type\" content=\"article\" \/>\n<meta property=\"og:title\" content=\"T\u00e9glaburkolat Elabrick minta 619 Sevilla kr\u00e9mbarna - Tehlov\u00e9 obklady Elastolith\" \/>\n<meta property=\"og:description\" content=\"Flexibilis t\u00e9glaburkolat, alkalmas bel- \u00e9s k\u00fclt\u00e9ri haszn\u00e1latra, 240 x 71 mm-es m\u00e9ret, maxim\u00e1lisan term\u00e9szetes \u00f6sszetev\u0151k, k\u00f6nny\u0171 felrak\u00e1s, nagyszer\u0171 tulajdons\u00e1gok, eredeti megjelen\u00e9s. Az \u00e1r 1 m2 = 1 csomagra vonatkozik.\" \/>\n<meta property=\"og:url\" content=\"https:\/\/eshop.elastolith.sk\/hu\/produkt\/tegla-elabrick-minta-619-sevilla-krem-barna\/\" \/>\n<meta property=\"og:site_name\" content=\"Tehlov\u00e9 obklady Elastolith\" \/>\n<meta property=\"article:modified_time\" content=\"2025-09-17T11:16:26+00:00\" \/>\n<meta property=\"og:image\" content=\"https:\/\/eshop.elastolith.sk\/wp-content\/uploads\/2022\/11\/Elastolith-Elabrick-tehlovy-obklad-vzor-619-Kremova-hneda-lepidlo-Anthracite.jpg\" \/>\n\t<meta property=\"og:image:width\" content=\"768\" \/>\n\t<meta property=\"og:image:height\" content=\"853\" \/>\n\t<meta property=\"og:image:type\" content=\"image\/jpeg\" \/>\n<meta name=\"twitter:card\" content=\"summary_large_image\" \/>\n<script type=\"application\/ld+json\" class=\"yoast-schema-graph\">{\"@context\":\"https:\/\/schema.org\",\"@graph\":[{\"@type\":\"WebPage\",\"@id\":\"https:\/\/eshop.elastolith.sk\/hu\/produkt\/tegla-elabrick-minta-619-sevilla-krem-barna\/\",\"url\":\"https:\/\/eshop.elastolith.sk\/hu\/produkt\/tegla-elabrick-minta-619-sevilla-krem-barna\/\",\"name\":\"T\u00e9glaburkolat Elabrick minta 619 Sevilla kr\u00e9mbarna - Tehlov\u00e9 obklady Elastolith\",\"isPartOf\":{\"@id\":\"https:\/\/eshop.elastolith.sk\/hu\/#website\"},\"datePublished\":\"2022-11-22T17:04:27+00:00\",\"dateModified\":\"2025-09-17T11:16:26+00:00\",\"breadcrumb\":{\"@id\":\"https:\/\/eshop.elastolith.sk\/hu\/produkt\/tegla-elabrick-minta-619-sevilla-krem-barna\/#breadcrumb\"},\"inLanguage\":\"hu\",\"potentialAction\":[{\"@type\":\"ReadAction\",\"target\":[\"https:\/\/eshop.elastolith.sk\/hu\/produkt\/tegla-elabrick-minta-619-sevilla-krem-barna\/\"]}]},{\"@type\":\"BreadcrumbList\",\"@id\":\"https:\/\/eshop.elastolith.sk\/hu\/produkt\/tegla-elabrick-minta-619-sevilla-krem-barna\/#breadcrumb\",\"itemListElement\":[{\"@type\":\"ListItem\",\"position\":1,\"name\":\"Home\",\"item\":\"https:\/\/eshop.elastolith.sk\/hu\/\"},{\"@type\":\"ListItem\",\"position\":2,\"name\":\"Shop\",\"item\":\"https:\/\/eshop.elastolith.sk\/hu\/shop\/\"},{\"@type\":\"ListItem\",\"position\":3,\"name\":\"T\u00e9glaburkolat Elabrick minta 619 Sevilla kr\u00e9mbarna\"}]},{\"@type\":\"WebSite\",\"@id\":\"https:\/\/eshop.elastolith.sk\/hu\/#website\",\"url\":\"https:\/\/eshop.elastolith.sk\/hu\/\",\"name\":\"Tehlov\u00e9 obklady Elastolith\",\"description\":\"\",\"publisher\":{\"@id\":\"https:\/\/eshop.elastolith.sk\/hu\/#organization\"},\"potentialAction\":[{\"@type\":\"SearchAction\",\"target\":{\"@type\":\"EntryPoint\",\"urlTemplate\":\"https:\/\/eshop.elastolith.sk\/hu\/?s={search_term_string}\"},\"query-input\":\"required name=search_term_string\"}],\"inLanguage\":\"hu\"},{\"@type\":\"Organization\",\"@id\":\"https:\/\/eshop.elastolith.sk\/hu\/#organization\",\"name\":\"Tehlov\u00e9 obklady Elastolith\",\"url\":\"https:\/\/eshop.elastolith.sk\/hu\/\",\"logo\":{\"@type\":\"ImageObject\",\"inLanguage\":\"hu\",\"@id\":\"https:\/\/eshop.elastolith.sk\/hu\/#\/schema\/logo\/image\/\",\"url\":\"https:\/\/eshop.elastolith.sk\/wp-content\/uploads\/2024\/06\/cropped-elastolith-logo.jpg\",\"contentUrl\":\"https:\/\/eshop.elastolith.sk\/wp-content\/uploads\/2024\/06\/cropped-elastolith-logo.jpg\",\"width\":906,\"height\":321,\"caption\":\"Tehlov\u00e9 obklady Elastolith\"},\"image\":{\"@id\":\"https:\/\/eshop.elastolith.sk\/hu\/#\/schema\/logo\/image\/\"}}]}<\/script>\n<!-- \/ Yoast SEO plugin. -->","yoast_head_json":{"title":"T\u00e9glaburkolat Elabrick minta 619 Sevilla kr\u00e9mbarna - Tehlov\u00e9 obklady Elastolith","robots":{"index":"index","follow":"follow","max-snippet":"max-snippet:-1","max-image-preview":"max-image-preview:large","max-video-preview":"max-video-preview:-1"},"canonical":"https:\/\/eshop.elastolith.sk\/hu\/produkt\/tegla-elabrick-minta-619-sevilla-krem-barna\/","og_locale":"hu_HU","og_type":"article","og_title":"T\u00e9glaburkolat Elabrick minta 619 Sevilla kr\u00e9mbarna - Tehlov\u00e9 obklady Elastolith","og_description":"Flexibilis t\u00e9glaburkolat, alkalmas bel- \u00e9s k\u00fclt\u00e9ri haszn\u00e1latra, 240 x 71 mm-es m\u00e9ret, maxim\u00e1lisan term\u00e9szetes \u00f6sszetev\u0151k, k\u00f6nny\u0171 felrak\u00e1s, nagyszer\u0171 tulajdons\u00e1gok, eredeti megjelen\u00e9s. Az \u00e1r 1 m2 = 1 csomagra vonatkozik.","og_url":"https:\/\/eshop.elastolith.sk\/hu\/produkt\/tegla-elabrick-minta-619-sevilla-krem-barna\/","og_site_name":"Tehlov\u00e9 obklady Elastolith","article_modified_time":"2025-09-17T11:16:26+00:00","og_image":[{"width":768,"height":853,"url":"https:\/\/eshop.elastolith.sk\/wp-content\/uploads\/2022\/11\/Elastolith-Elabrick-tehlovy-obklad-vzor-619-Kremova-hneda-lepidlo-Anthracite.jpg","type":"image\/jpeg"}],"twitter_card":"summary_large_image","schema":{"@context":"https:\/\/schema.org","@graph":[{"@type":"WebPage","@id":"https:\/\/eshop.elastolith.sk\/hu\/produkt\/tegla-elabrick-minta-619-sevilla-krem-barna\/","url":"https:\/\/eshop.elastolith.sk\/hu\/produkt\/tegla-elabrick-minta-619-sevilla-krem-barna\/","name":"T\u00e9glaburkolat Elabrick minta 619 Sevilla kr\u00e9mbarna - Tehlov\u00e9 obklady Elastolith","isPartOf":{"@id":"https:\/\/eshop.elastolith.sk\/hu\/#website"},"datePublished":"2022-11-22T17:04:27+00:00","dateModified":"2025-09-17T11:16:26+00:00","breadcrumb":{"@id":"https:\/\/eshop.elastolith.sk\/hu\/produkt\/tegla-elabrick-minta-619-sevilla-krem-barna\/#breadcrumb"},"inLanguage":"hu","potentialAction":[{"@type":"ReadAction","target":["https:\/\/eshop.elastolith.sk\/hu\/produkt\/tegla-elabrick-minta-619-sevilla-krem-barna\/"]}]},{"@type":"BreadcrumbList","@id":"https:\/\/eshop.elastolith.sk\/hu\/produkt\/tegla-elabrick-minta-619-sevilla-krem-barna\/#breadcrumb","itemListElement":[{"@type":"ListItem","position":1,"name":"Home","item":"https:\/\/eshop.elastolith.sk\/hu\/"},{"@type":"ListItem","position":2,"name":"Shop","item":"https:\/\/eshop.elastolith.sk\/hu\/shop\/"},{"@type":"ListItem","position":3,"name":"T\u00e9glaburkolat Elabrick minta 619 Sevilla kr\u00e9mbarna"}]},{"@type":"WebSite","@id":"https:\/\/eshop.elastolith.sk\/hu\/#website","url":"https:\/\/eshop.elastolith.sk\/hu\/","name":"Tehlov\u00e9 obklady Elastolith","description":"","publisher":{"@id":"https:\/\/eshop.elastolith.sk\/hu\/#organization"},"potentialAction":[{"@type":"SearchAction","target":{"@type":"EntryPoint","urlTemplate":"https:\/\/eshop.elastolith.sk\/hu\/?s={search_term_string}"},"query-input":"required name=search_term_string"}],"inLanguage":"hu"},{"@type":"Organization","@id":"https:\/\/eshop.elastolith.sk\/hu\/#organization","name":"Tehlov\u00e9 obklady Elastolith","url":"https:\/\/eshop.elastolith.sk\/hu\/","logo":{"@type":"ImageObject","inLanguage":"hu","@id":"https:\/\/eshop.elastolith.sk\/hu\/#\/schema\/logo\/image\/","url":"https:\/\/eshop.elastolith.sk\/wp-content\/uploads\/2024\/06\/cropped-elastolith-logo.jpg","contentUrl":"https:\/\/eshop.elastolith.sk\/wp-content\/uploads\/2024\/06\/cropped-elastolith-logo.jpg","width":906,"height":321,"caption":"Tehlov\u00e9 obklady Elastolith"},"image":{"@id":"https:\/\/eshop.elastolith.sk\/hu\/#\/schema\/logo\/image\/"}}]}},"_links":{"self":[{"href":"https:\/\/eshop.elastolith.sk\/hu\/wp-json\/wp\/v2\/product\/9219","targetHints":{"allow":["GET"]}}],"collection":[{"href":"https:\/\/eshop.elastolith.sk\/hu\/wp-json\/wp\/v2\/product"}],"about":[{"href":"https:\/\/eshop.elastolith.sk\/hu\/wp-json\/wp\/v2\/types\/product"}],"replies":[{"embeddable":true,"href":"https:\/\/eshop.elastolith.sk\/hu\/wp-json\/wp\/v2\/comments?post=9219"}],"wp:featuredmedia":[{"embeddable":true,"href":"https:\/\/eshop.elastolith.sk\/hu\/wp-json\/wp\/v2\/media\/8764"}],"wp:attachment":[{"href":"https:\/\/eshop.elastolith.sk\/hu\/wp-json\/wp\/v2\/media?parent=9219"}],"wp:term":[{"taxonomy":"product_brand","embeddable":true,"href":"https:\/\/eshop.elastolith.sk\/hu\/wp-json\/wp\/v2\/product_brand?post=9219"},{"taxonomy":"product_cat","embeddable":true,"href":"https:\/\/eshop.elastolith.sk\/hu\/wp-json\/wp\/v2\/product_cat?post=9219"},{"taxonomy":"product_tag","embeddable":true,"href":"https:\/\/eshop.elastolith.sk\/hu\/wp-json\/wp\/v2\/product_tag?post=9219"}],"curies":[{"name":"wp","href":"https:\/\/api.w.org\/{rel}","templated":true}]}}