{"id":9227,"date":"2022-11-22T18:04:33","date_gmt":"2022-11-22T17:04:33","guid":{"rendered":"https:\/\/eshop.elastolith.sk\/produkt\/sarokelem-elabrick-minta-635-madagaszkar-szurke\/"},"modified":"2025-09-17T13:16:25","modified_gmt":"2025-09-17T11:16:25","slug":"sarokelem-elabrick-minta-635-madagaszkar-szurke","status":"publish","type":"product","link":"https:\/\/eshop.elastolith.sk\/hu\/produkt\/sarokelem-elabrick-minta-635-madagaszkar-szurke\/","title":{"rendered":"Sarokelem Elabrick minta 635 Madagaskar sz\u00fcrke"},"content":{"rendered":"","protected":false},"excerpt":{"rendered":"<p>A sarokelemek megk\u00f6nny\u00edtik a munk\u00e1t a k\u00fcls\u0151 sarkok, oszlopok, p\u00e1rk\u00e1nyok \u00e9s \u00edvek burkol\u00e1sa sor\u00e1n. A sarkok 90\u02da-os sz\u00f6gben el\u0151hajl\u00edtottak, 240 x 115 x 71 mm m\u00e9ret\u0171ek, \u00e9s az Elabrick el\u0151lapi cs\u00edkokkal megegyez\u0151 sz\u00edn\u00e1rnyalatokban kaphat\u00f3k. Az \u00e1r 1 fm-re vonatkozik &#8211; a talajt\u00f3l a magass\u00e1gig m\u00e9rve. 1 fm = 1 m1 = 100 cm = 12 db sarokelem (l\u00e1sd az illusztr\u00e1ci\u00f3t a term\u00e9kgal\u00e9ri\u00e1ban). Egy csomagban 24 sarokelem tal\u00e1lhat\u00f3, teh\u00e1t 2 fm. Ezt a term\u00e9ket kiz\u00e1r\u00f3lag eg\u00e9sz csomagban \u00e1rus\u00edtjuk, k\u00e9rj\u00fck, hogy p\u00e1ros sz\u00e1m\u00fa foly\u00f3m\u00e9tert tegyen a kosar\u00e1ba.     <\/p>\n","protected":false},"featured_media":8863,"comment_status":"closed","ping_status":"closed","template":"","meta":[],"product_brand":[],"product_cat":[113],"product_tag":[],"class_list":{"0":"post-9227","1":"product","2":"type-product","3":"status-publish","4":"has-post-thumbnail","6":"product_cat-tegla-sarokelemek","7":"pa_farba-szurke","8":"pa_rozmer-240-x-115-x-71-mm-hu","10":"first","11":"instock","12":"taxable","13":"shipping-taxable","14":"purchasable","15":"product-type-simple"},"yoast_head":"<!-- This site is optimized with the Yoast SEO plugin v19.14 - https:\/\/yoast.com\/wordpress\/plugins\/seo\/ -->\n<title>Sarokelem Elabrick minta 635 Madagaskar sz\u00fcrke - Tehlov\u00e9 obklady Elastolith<\/title>\n<meta name=\"robots\" content=\"index, follow, max-snippet:-1, max-image-preview:large, max-video-preview:-1\" \/>\n<link rel=\"canonical\" href=\"https:\/\/eshop.elastolith.sk\/hu\/produkt\/sarokelem-elabrick-minta-635-madagaszkar-szurke\/\" \/>\n<meta property=\"og:locale\" content=\"hu_HU\" \/>\n<meta property=\"og:type\" content=\"article\" \/>\n<meta property=\"og:title\" content=\"Sarokelem Elabrick minta 635 Madagaskar sz\u00fcrke - Tehlov\u00e9 obklady Elastolith\" \/>\n<meta property=\"og:description\" content=\"A sarokelemek megk\u00f6nny\u00edtik a munk\u00e1t a k\u00fcls\u0151 sarkok, oszlopok, p\u00e1rk\u00e1nyok \u00e9s \u00edvek burkol\u00e1sa sor\u00e1n. A sarkok 90\u02da-os sz\u00f6gben el\u0151hajl\u00edtottak, 240 x 115 x 71 mm m\u00e9ret\u0171ek, \u00e9s az Elabrick el\u0151lapi cs\u00edkokkal megegyez\u0151 sz\u00edn\u00e1rnyalatokban kaphat\u00f3k. Az \u00e1r 1 fm-re vonatkozik - a talajt\u00f3l a magass\u00e1gig m\u00e9rve. 1 fm = 1 m1 = 100 cm = 12 db sarokelem (l\u00e1sd az illusztr\u00e1ci\u00f3t a term\u00e9kgal\u00e9ri\u00e1ban). Egy csomagban 24 sarokelem tal\u00e1lhat\u00f3, teh\u00e1t 2 fm. Ezt a term\u00e9ket kiz\u00e1r\u00f3lag eg\u00e9sz csomagban \u00e1rus\u00edtjuk, k\u00e9rj\u00fck, hogy p\u00e1ros sz\u00e1m\u00fa foly\u00f3m\u00e9tert tegyen a kosar\u00e1ba.\" \/>\n<meta property=\"og:url\" content=\"https:\/\/eshop.elastolith.sk\/hu\/produkt\/sarokelem-elabrick-minta-635-madagaszkar-szurke\/\" \/>\n<meta property=\"og:site_name\" content=\"Tehlov\u00e9 obklady Elastolith\" \/>\n<meta property=\"article:modified_time\" content=\"2025-09-17T11:16:25+00:00\" \/>\n<meta property=\"og:image\" content=\"https:\/\/eshop.elastolith.sk\/wp-content\/uploads\/2022\/11\/ELASTOLITH_ELABRICK_rohovy_prvok_vzor_635_seda.jpg\" \/>\n\t<meta property=\"og:image:width\" content=\"800\" \/>\n\t<meta property=\"og:image:height\" content=\"533\" \/>\n\t<meta property=\"og:image:type\" content=\"image\/jpeg\" \/>\n<meta name=\"twitter:card\" content=\"summary_large_image\" \/>\n<script type=\"application\/ld+json\" class=\"yoast-schema-graph\">{\"@context\":\"https:\/\/schema.org\",\"@graph\":[{\"@type\":\"WebPage\",\"@id\":\"https:\/\/eshop.elastolith.sk\/hu\/produkt\/sarokelem-elabrick-minta-635-madagaszkar-szurke\/\",\"url\":\"https:\/\/eshop.elastolith.sk\/hu\/produkt\/sarokelem-elabrick-minta-635-madagaszkar-szurke\/\",\"name\":\"Sarokelem Elabrick minta 635 Madagaskar sz\u00fcrke - Tehlov\u00e9 obklady Elastolith\",\"isPartOf\":{\"@id\":\"https:\/\/eshop.elastolith.sk\/hu\/#website\"},\"datePublished\":\"2022-11-22T17:04:33+00:00\",\"dateModified\":\"2025-09-17T11:16:25+00:00\",\"breadcrumb\":{\"@id\":\"https:\/\/eshop.elastolith.sk\/hu\/produkt\/sarokelem-elabrick-minta-635-madagaszkar-szurke\/#breadcrumb\"},\"inLanguage\":\"hu\",\"potentialAction\":[{\"@type\":\"ReadAction\",\"target\":[\"https:\/\/eshop.elastolith.sk\/hu\/produkt\/sarokelem-elabrick-minta-635-madagaszkar-szurke\/\"]}]},{\"@type\":\"BreadcrumbList\",\"@id\":\"https:\/\/eshop.elastolith.sk\/hu\/produkt\/sarokelem-elabrick-minta-635-madagaszkar-szurke\/#breadcrumb\",\"itemListElement\":[{\"@type\":\"ListItem\",\"position\":1,\"name\":\"Home\",\"item\":\"https:\/\/eshop.elastolith.sk\/hu\/\"},{\"@type\":\"ListItem\",\"position\":2,\"name\":\"Shop\",\"item\":\"https:\/\/eshop.elastolith.sk\/hu\/shop\/\"},{\"@type\":\"ListItem\",\"position\":3,\"name\":\"Sarokelem Elabrick minta 635 Madagaskar sz\u00fcrke\"}]},{\"@type\":\"WebSite\",\"@id\":\"https:\/\/eshop.elastolith.sk\/hu\/#website\",\"url\":\"https:\/\/eshop.elastolith.sk\/hu\/\",\"name\":\"Tehlov\u00e9 obklady Elastolith\",\"description\":\"\",\"publisher\":{\"@id\":\"https:\/\/eshop.elastolith.sk\/hu\/#organization\"},\"potentialAction\":[{\"@type\":\"SearchAction\",\"target\":{\"@type\":\"EntryPoint\",\"urlTemplate\":\"https:\/\/eshop.elastolith.sk\/hu\/?s={search_term_string}\"},\"query-input\":\"required name=search_term_string\"}],\"inLanguage\":\"hu\"},{\"@type\":\"Organization\",\"@id\":\"https:\/\/eshop.elastolith.sk\/hu\/#organization\",\"name\":\"Tehlov\u00e9 obklady Elastolith\",\"url\":\"https:\/\/eshop.elastolith.sk\/hu\/\",\"logo\":{\"@type\":\"ImageObject\",\"inLanguage\":\"hu\",\"@id\":\"https:\/\/eshop.elastolith.sk\/hu\/#\/schema\/logo\/image\/\",\"url\":\"https:\/\/eshop.elastolith.sk\/wp-content\/uploads\/2024\/06\/cropped-elastolith-logo.jpg\",\"contentUrl\":\"https:\/\/eshop.elastolith.sk\/wp-content\/uploads\/2024\/06\/cropped-elastolith-logo.jpg\",\"width\":906,\"height\":321,\"caption\":\"Tehlov\u00e9 obklady Elastolith\"},\"image\":{\"@id\":\"https:\/\/eshop.elastolith.sk\/hu\/#\/schema\/logo\/image\/\"}}]}<\/script>\n<!-- \/ Yoast SEO plugin. -->","yoast_head_json":{"title":"Sarokelem Elabrick minta 635 Madagaskar sz\u00fcrke - Tehlov\u00e9 obklady Elastolith","robots":{"index":"index","follow":"follow","max-snippet":"max-snippet:-1","max-image-preview":"max-image-preview:large","max-video-preview":"max-video-preview:-1"},"canonical":"https:\/\/eshop.elastolith.sk\/hu\/produkt\/sarokelem-elabrick-minta-635-madagaszkar-szurke\/","og_locale":"hu_HU","og_type":"article","og_title":"Sarokelem Elabrick minta 635 Madagaskar sz\u00fcrke - Tehlov\u00e9 obklady Elastolith","og_description":"A sarokelemek megk\u00f6nny\u00edtik a munk\u00e1t a k\u00fcls\u0151 sarkok, oszlopok, p\u00e1rk\u00e1nyok \u00e9s \u00edvek burkol\u00e1sa sor\u00e1n. A sarkok 90\u02da-os sz\u00f6gben el\u0151hajl\u00edtottak, 240 x 115 x 71 mm m\u00e9ret\u0171ek, \u00e9s az Elabrick el\u0151lapi cs\u00edkokkal megegyez\u0151 sz\u00edn\u00e1rnyalatokban kaphat\u00f3k. Az \u00e1r 1 fm-re vonatkozik - a talajt\u00f3l a magass\u00e1gig m\u00e9rve. 1 fm = 1 m1 = 100 cm = 12 db sarokelem (l\u00e1sd az illusztr\u00e1ci\u00f3t a term\u00e9kgal\u00e9ri\u00e1ban). Egy csomagban 24 sarokelem tal\u00e1lhat\u00f3, teh\u00e1t 2 fm. Ezt a term\u00e9ket kiz\u00e1r\u00f3lag eg\u00e9sz csomagban \u00e1rus\u00edtjuk, k\u00e9rj\u00fck, hogy p\u00e1ros sz\u00e1m\u00fa foly\u00f3m\u00e9tert tegyen a kosar\u00e1ba.","og_url":"https:\/\/eshop.elastolith.sk\/hu\/produkt\/sarokelem-elabrick-minta-635-madagaszkar-szurke\/","og_site_name":"Tehlov\u00e9 obklady Elastolith","article_modified_time":"2025-09-17T11:16:25+00:00","og_image":[{"width":800,"height":533,"url":"https:\/\/eshop.elastolith.sk\/wp-content\/uploads\/2022\/11\/ELASTOLITH_ELABRICK_rohovy_prvok_vzor_635_seda.jpg","type":"image\/jpeg"}],"twitter_card":"summary_large_image","schema":{"@context":"https:\/\/schema.org","@graph":[{"@type":"WebPage","@id":"https:\/\/eshop.elastolith.sk\/hu\/produkt\/sarokelem-elabrick-minta-635-madagaszkar-szurke\/","url":"https:\/\/eshop.elastolith.sk\/hu\/produkt\/sarokelem-elabrick-minta-635-madagaszkar-szurke\/","name":"Sarokelem Elabrick minta 635 Madagaskar sz\u00fcrke - Tehlov\u00e9 obklady Elastolith","isPartOf":{"@id":"https:\/\/eshop.elastolith.sk\/hu\/#website"},"datePublished":"2022-11-22T17:04:33+00:00","dateModified":"2025-09-17T11:16:25+00:00","breadcrumb":{"@id":"https:\/\/eshop.elastolith.sk\/hu\/produkt\/sarokelem-elabrick-minta-635-madagaszkar-szurke\/#breadcrumb"},"inLanguage":"hu","potentialAction":[{"@type":"ReadAction","target":["https:\/\/eshop.elastolith.sk\/hu\/produkt\/sarokelem-elabrick-minta-635-madagaszkar-szurke\/"]}]},{"@type":"BreadcrumbList","@id":"https:\/\/eshop.elastolith.sk\/hu\/produkt\/sarokelem-elabrick-minta-635-madagaszkar-szurke\/#breadcrumb","itemListElement":[{"@type":"ListItem","position":1,"name":"Home","item":"https:\/\/eshop.elastolith.sk\/hu\/"},{"@type":"ListItem","position":2,"name":"Shop","item":"https:\/\/eshop.elastolith.sk\/hu\/shop\/"},{"@type":"ListItem","position":3,"name":"Sarokelem Elabrick minta 635 Madagaskar sz\u00fcrke"}]},{"@type":"WebSite","@id":"https:\/\/eshop.elastolith.sk\/hu\/#website","url":"https:\/\/eshop.elastolith.sk\/hu\/","name":"Tehlov\u00e9 obklady Elastolith","description":"","publisher":{"@id":"https:\/\/eshop.elastolith.sk\/hu\/#organization"},"potentialAction":[{"@type":"SearchAction","target":{"@type":"EntryPoint","urlTemplate":"https:\/\/eshop.elastolith.sk\/hu\/?s={search_term_string}"},"query-input":"required name=search_term_string"}],"inLanguage":"hu"},{"@type":"Organization","@id":"https:\/\/eshop.elastolith.sk\/hu\/#organization","name":"Tehlov\u00e9 obklady Elastolith","url":"https:\/\/eshop.elastolith.sk\/hu\/","logo":{"@type":"ImageObject","inLanguage":"hu","@id":"https:\/\/eshop.elastolith.sk\/hu\/#\/schema\/logo\/image\/","url":"https:\/\/eshop.elastolith.sk\/wp-content\/uploads\/2024\/06\/cropped-elastolith-logo.jpg","contentUrl":"https:\/\/eshop.elastolith.sk\/wp-content\/uploads\/2024\/06\/cropped-elastolith-logo.jpg","width":906,"height":321,"caption":"Tehlov\u00e9 obklady Elastolith"},"image":{"@id":"https:\/\/eshop.elastolith.sk\/hu\/#\/schema\/logo\/image\/"}}]}},"_links":{"self":[{"href":"https:\/\/eshop.elastolith.sk\/hu\/wp-json\/wp\/v2\/product\/9227","targetHints":{"allow":["GET"]}}],"collection":[{"href":"https:\/\/eshop.elastolith.sk\/hu\/wp-json\/wp\/v2\/product"}],"about":[{"href":"https:\/\/eshop.elastolith.sk\/hu\/wp-json\/wp\/v2\/types\/product"}],"replies":[{"embeddable":true,"href":"https:\/\/eshop.elastolith.sk\/hu\/wp-json\/wp\/v2\/comments?post=9227"}],"wp:featuredmedia":[{"embeddable":true,"href":"https:\/\/eshop.elastolith.sk\/hu\/wp-json\/wp\/v2\/media\/8863"}],"wp:attachment":[{"href":"https:\/\/eshop.elastolith.sk\/hu\/wp-json\/wp\/v2\/media?parent=9227"}],"wp:term":[{"taxonomy":"product_brand","embeddable":true,"href":"https:\/\/eshop.elastolith.sk\/hu\/wp-json\/wp\/v2\/product_brand?post=9227"},{"taxonomy":"product_cat","embeddable":true,"href":"https:\/\/eshop.elastolith.sk\/hu\/wp-json\/wp\/v2\/product_cat?post=9227"},{"taxonomy":"product_tag","embeddable":true,"href":"https:\/\/eshop.elastolith.sk\/hu\/wp-json\/wp\/v2\/product_tag?post=9227"}],"curies":[{"name":"wp","href":"https:\/\/api.w.org\/{rel}","templated":true}]}}